{"id":3,"date":"2023-02-16T12:06:38","date_gmt":"2023-02-16T12:06:38","guid":{"rendered":"https:\/\/blumdecor.eu\/?page_id=3"},"modified":"2024-06-23T12:40:57","modified_gmt":"2024-06-23T09:40:57","slug":"privatumo-politika","status":"publish","type":"page","link":"https:\/\/blumdecor.eu\/index.php\/privatumo-politika\/","title":{"rendered":"Privatumo politika"},"content":{"rendered":"<p><strong>\u201eBl\u016bm\u201c privatumo politika<br><\/strong>\u201eBl\u016bm\u201c, pasiekiamas i\u0161 https:\/\/blumdecor.eu\/, vienas pagrindini\u0173 m\u016bs\u0173 prioritet\u0173 yra lankytoj\u0173 privatumas. \u0160iame privatumo politikos dokumente pateikiama informacija, kuri\u0105 renka ir \u012fra\u0161o \u201eBl\u016bm\u201c, ir kaip mes j\u0105 naudojame.<\/p><p>Jei turite papildom\u0173 klausim\u0173 ar reikia daugiau informacijos apie m\u016bs\u0173 privatumo politik\u0105, nedvejodami susisiekite su mumis. M\u016bs\u0173 privatumo politika buvo sukurta naudojant GDPR privatumo politikos generatori\u0173<\/p><p><strong>Bendrasis duomen\u0173 apsaugos reglamentas (BDAR)<br><\/strong>Esame J\u016bs\u0173 informacijos duomen\u0173 valdytojas.<\/p><p>Bl\u016bm teisinis pagrindas rinkti ir naudoti asmenin\u0119 informacij\u0105, apra\u0161yt\u0105 \u0161ioje privatumo politikoje, priklauso nuo m\u016bs\u0173 renkamos Asmens informacijos ir konkretaus konteksto, kuriame renkame informacij\u0105:<\/p><p>\u201eBl\u016bm\u201c reikia su jumis sudaryti sutart\u012f<br>-J\u016bs dav\u0117te Bl\u016bmui leidim\u0105 tai padaryti<br>-J\u016bs\u0173 asmenin\u0117s informacijos tvarkymas atitinka Bl\u016bm teis\u0117tus interesus<br>-Bl\u016bmui reikia laikytis \u012fstatym\u0173<br>-\u201eBl\u016bm\u201c saugos j\u016bs\u0173 asmenin\u0119 informacij\u0105 tik tiek, kiek tai b\u016btina \u0161ioje privatumo politikoje nurodytais tikslais. Mes saugosime ir naudosime j\u016bs\u0173 informacij\u0105 tiek, kiek tai b\u016btina, kad gal\u0117tume vykdyti savo teisinius \u012fsipareigojimus, i\u0161spr\u0119sti gin\u010dus ir vykdyti savo politik\u0105.<\/p><p>Jei esate Europos ekonomin\u0117s erdv\u0117s (EEE) gyventojas, turite tam tikras duomen\u0173 apsaugos teises. Jei norite b\u016bti informuoti, koki\u0105 asmenin\u0119 informacij\u0105 apie jus turime, ir jei norite, kad ji b\u016bt\u0173 pa\u0161alinta i\u0161 m\u016bs\u0173 sistem\u0173, susisiekite su mumis.<\/p><p>Tam tikromis aplinkyb\u0117mis turite \u0161ias duomen\u0173 apsaugos teises:<\/p><p>-Teis\u0119 pasiekti, atnaujinti arba i\u0161trinti informacij\u0105, kuri\u0105 turime apie jus.<br>-Teis\u0117 i\u0161taisyti.<br>-Teis\u0117 prie\u0161tarauti.<br>-Apribojimo teis\u0117.<br>-Teis\u0117 \u012f duomen\u0173 perkeliamum\u0105<br>-Teis\u0117 at\u0161aukti sutikim\u0105<br><\/p><p><strong>\u017durnalo failai<br><\/strong>\u201eBl\u016bm\u201c laikosi standartin\u0117s \u017eurnalo fail\u0173 naudojimo proced\u016bros. \u0160ie failai registruoja lankytojus, kai jie lankosi svetain\u0117se. Visos prieglobos \u012fmon\u0117s tai daro ir dal\u012f prieglobos paslaug\u0173 analiz\u0117s. \u017durnalo failais renkama informacija apima interneto protokolo (IP) adresus, nar\u0161ykl\u0117s tip\u0105, interneto paslaug\u0173 teik\u0117j\u0105 (IPT), datos ir laiko \u017eym\u0105, nukreipimo \/ i\u0161\u0117jimo puslapius ir galb\u016bt paspaudim\u0173 skai\u010di\u0173. Tai n\u0117ra susieta su jokia informacija, kuri\u0105 galima identifikuoti. Informacijos tikslas \u2013 analizuoti tendencijas, administruoti svetain\u0119, sekti vartotoj\u0173 jud\u0117jim\u0105 svetain\u0117je, rinkti demografin\u0119 informacij\u0105.<\/p><p><strong>Slapukai ir \u017einiatinklio \u0161vyturiai<br><\/strong>Kaip ir bet kuri kita svetain\u0117, \u201eBl\u016bm\u201c naudoja \u201eslapukus\u201c. \u0160ie slapukai naudojami informacijai, \u012fskaitant lankytoj\u0173 nuostatas, ir svetain\u0117s puslapius, kuriuos lankytojas pasiek\u0117 ar aplank\u0117, saugoti. Informacija naudojama siekiant optimizuoti vartotoj\u0173 patirt\u012f, tinkinant m\u016bs\u0173 tinklalapio turin\u012f pagal lankytoj\u0173 nar\u0161ykl\u0117s tip\u0105 ir (arba) kit\u0105 informacij\u0105.<\/p><p><strong>Privatumo politika<br><\/strong>\u0160iame s\u0105ra\u0161e rasite kiekvieno Bl\u016bm reklamos partnerio privatumo politik\u0105.<\/p><p>Tre\u010di\u0173j\u0173 \u0161ali\u0173 skelbim\u0173 serveriai arba skelbim\u0173 tinklai naudoja tokias technologijas kaip slapukai, \u201eJavaScript\u201c arba \u017einiatinklio \u0161vyturiai, kurie naudojami atitinkamuose j\u0173 skelbimuose ir nuorodose, rodomose \u201eBl\u016bm\u201c, kurios siun\u010diamos tiesiai \u012f vartotoj\u0173 nar\u0161ykl\u0119. Kai tai \u012fvyksta, jie automati\u0161kai gauna j\u016bs\u0173 IP adres\u0105. \u0160ios technologijos naudojamos j\u0173 reklamini\u0173 kampanij\u0173 efektyvumui \u012fvertinti ir (arba) suasmeninti reklamin\u012f turin\u012f, kur\u012f matote lankomose svetain\u0117se.<\/p><p>Atminkite, kad \u201eBl\u016bm\u201c neturi prieigos prie \u0161i\u0173 tre\u010di\u0173j\u0173 \u0161ali\u0173 reklamuotoj\u0173 naudojam\u0173 slapuk\u0173 ir j\u0173 nekontroliuoja.<\/p><p><strong>Tre\u010di\u0173j\u0173 \u0161ali\u0173 privatumo politika<br><\/strong>\u201eBl\u016bm\u201c privatumo politika netaikoma kitiems reklamuotojams ar svetain\u0117ms. Taigi, nor\u0117dami gauti i\u0161samesn\u0117s informacijos, patariame susipa\u017einti su atitinkamomis \u0161i\u0173 tre\u010di\u0173j\u0173 \u0161ali\u0173 skelbim\u0173 serveri\u0173 privatumo taisykl\u0117mis. Tai gali apimti j\u0173 praktik\u0105 ir nurodymus, kaip atsisakyti tam tikr\u0173 parink\u010di\u0173.<\/p><p>Galite pasirinkti i\u0161jungti slapukus naudodami atskiras nar\u0161ykl\u0117s parinktis. Nor\u0117dami su\u017einoti daugiau informacijos apie slapuk\u0173 valdym\u0105 konkre\u010diose interneto nar\u0161ykl\u0117se, j\u0105 rasite atitinkamose nar\u0161ykli\u0173 svetain\u0117se.<\/p><p><strong>Informacija vaikams<br><\/strong>Kita m\u016bs\u0173 prioriteto dalis \u2013 vaik\u0173 apsauga naudojantis internetu. Raginame t\u0117vus ir glob\u0117jus steb\u0117ti savo veikl\u0105 internete, dalyvauti joje ir (arba) steb\u0117ti ir vadovauti.<\/p><p>\u201eBl\u016bm\u201c s\u0105moningai nerenka jokios Asmens identifikavimo informacijos i\u0161 jaunesni\u0173 nei 13 met\u0173 vaik\u0173. Jei manote, kad j\u016bs\u0173 vaikas pateik\u0117 toki\u0105 informacij\u0105 m\u016bs\u0173 svetain\u0117je, primygtinai raginame nedelsiant susisiekti su mumis ir d\u0117sime visas pastangas, kad greitai pa\u0161alintume toki\u0105 informacij\u0105 i\u0161 m\u016bs\u0173 \u012fra\u0161\u0173.<\/p><p><strong>Internetin\u0117 privatumo politika<br><\/strong>M\u016bs\u0173 privatumo politika taikoma tik m\u016bs\u0173 veiklai internete ir galioja m\u016bs\u0173 svetain\u0117s lankytojams, atsi\u017evelgiant \u012f informacij\u0105, kuria jie dalijasi ir (arba) renka Bl\u016bm. \u0160i politika netaikoma jokiai informacijai, renkamai neprisijungus arba kitais kanalais nei \u0161i svetain\u0117.<\/p><p><strong>Sutikimas<br><\/strong>Naudodamiesi m\u016bs\u0173 svetaine, j\u016bs sutinkate su m\u016bs\u0173 privatumo politika ir sutinkate su jos s\u0105lygomis.<\/p>","protected":false},"excerpt":{"rendered":"<p>\u201eBl\u016bm\u201c privatumo politika\u201eBl\u016bm\u201c, pasiekiamas i\u0161 https:\/\/blumdecor.eu\/, vienas pagrindini\u0173 m\u016bs\u0173 prioritet\u0173 yra lankytoj\u0173 privatumas. \u0160iame privatumo politikos dokumente pateikiama informacija, kuri\u0105<\/p>\n","protected":false},"author":1,"featured_media":0,"parent":0,"menu_order":0,"comment_status":"closed","ping_status":"open","template":"","meta":{"footnotes":""},"class_list":["post-3","page","type-page","status-publish","hentry"],"yoast_head":"<!-- This site is optimized with the Yoast SEO plugin v24.8.1 - https:\/\/yoast.com\/wordpress\/plugins\/seo\/ -->\n<title>Privatumo politika - Bl\u016bm<\/title>\n<meta name=\"robots\" content=\"index, follow, max-snippet:-1, max-image-preview:large, max-video-preview:-1\" \/>\n<link rel=\"canonical\" href=\"https:\/\/blumdecor.eu\/index.php\/privatumo-politika\/\" \/>\n<meta property=\"og:locale\" content=\"lt_LT\" \/>\n<meta property=\"og:type\" content=\"article\" \/>\n<meta property=\"og:title\" content=\"Privatumo politika - Bl\u016bm\" \/>\n<meta property=\"og:description\" content=\"\u201eBl\u016bm\u201c privatumo politika\u201eBl\u016bm\u201c, pasiekiamas i\u0161 https:\/\/blumdecor.eu\/, vienas pagrindini\u0173 m\u016bs\u0173 prioritet\u0173 yra lankytoj\u0173 privatumas. \u0160iame privatumo politikos dokumente pateikiama informacija, kuri\u0105\" \/>\n<meta property=\"og:url\" content=\"https:\/\/blumdecor.eu\/index.php\/privatumo-politika\/\" \/>\n<meta property=\"og:site_name\" content=\"Bl\u016bm\" \/>\n<meta property=\"article:publisher\" content=\"https:\/\/www.facebook.com\/blumdekoras\" \/>\n<meta property=\"article:modified_time\" content=\"2024-06-23T09:40:57+00:00\" \/>\n<meta property=\"og:image\" content=\"https:\/\/blumdecor.eu\/wp-content\/uploads\/2023\/02\/Untitled-16.jpeg\" \/>\n\t<meta property=\"og:image:width\" content=\"700\" \/>\n\t<meta property=\"og:image:height\" content=\"400\" \/>\n\t<meta property=\"og:image:type\" content=\"image\/jpeg\" \/>\n<meta name=\"twitter:card\" content=\"summary_large_image\" \/>\n<meta name=\"twitter:label1\" content=\"Est. reading time\" \/>\n\t<meta name=\"twitter:data1\" content=\"4 minut\u0117s\" \/>\n<script type=\"application\/ld+json\" class=\"yoast-schema-graph\">{\"@context\":\"https:\/\/schema.org\",\"@graph\":[{\"@type\":\"WebPage\",\"@id\":\"https:\/\/blumdecor.eu\/index.php\/privatumo-politika\/\",\"url\":\"https:\/\/blumdecor.eu\/index.php\/privatumo-politika\/\",\"name\":\"Privatumo politika - Bl\u016bm\",\"isPartOf\":{\"@id\":\"https:\/\/blumdecor.eu\/#website\"},\"datePublished\":\"2023-02-16T12:06:38+00:00\",\"dateModified\":\"2024-06-23T09:40:57+00:00\",\"breadcrumb\":{\"@id\":\"https:\/\/blumdecor.eu\/index.php\/privatumo-politika\/#breadcrumb\"},\"inLanguage\":\"lt-LT\",\"potentialAction\":[{\"@type\":\"ReadAction\",\"target\":[\"https:\/\/blumdecor.eu\/index.php\/privatumo-politika\/\"]}]},{\"@type\":\"BreadcrumbList\",\"@id\":\"https:\/\/blumdecor.eu\/index.php\/privatumo-politika\/#breadcrumb\",\"itemListElement\":[{\"@type\":\"ListItem\",\"position\":1,\"name\":\"Pagrindinis\",\"item\":\"https:\/\/blumdecor.eu\/\"},{\"@type\":\"ListItem\",\"position\":2,\"name\":\"Privatumo politika\"}]},{\"@type\":\"WebSite\",\"@id\":\"https:\/\/blumdecor.eu\/#website\",\"url\":\"https:\/\/blumdecor.eu\/\",\"name\":\"Bl\u016bm\",\"description\":\"\",\"publisher\":{\"@id\":\"https:\/\/blumdecor.eu\/#organization\"},\"potentialAction\":[{\"@type\":\"SearchAction\",\"target\":{\"@type\":\"EntryPoint\",\"urlTemplate\":\"https:\/\/blumdecor.eu\/?s={search_term_string}\"},\"query-input\":{\"@type\":\"PropertyValueSpecification\",\"valueRequired\":true,\"valueName\":\"search_term_string\"}}],\"inLanguage\":\"lt-LT\"},{\"@type\":\"Organization\",\"@id\":\"https:\/\/blumdecor.eu\/#organization\",\"name\":\"Bl\u016bm\",\"url\":\"https:\/\/blumdecor.eu\/\",\"logo\":{\"@type\":\"ImageObject\",\"inLanguage\":\"lt-LT\",\"@id\":\"https:\/\/blumdecor.eu\/#\/schema\/logo\/image\/\",\"url\":\"https:\/\/blumdecor.eu\/wp-content\/uploads\/2023\/02\/Untitled-16.jpeg\",\"contentUrl\":\"https:\/\/blumdecor.eu\/wp-content\/uploads\/2023\/02\/Untitled-16.jpeg\",\"width\":700,\"height\":400,\"caption\":\"Bl\u016bm\"},\"image\":{\"@id\":\"https:\/\/blumdecor.eu\/#\/schema\/logo\/image\/\"},\"sameAs\":[\"https:\/\/www.facebook.com\/blumdekoras\",\"https:\/\/www.instagram.com\/blumdekoras\/\"]}]}<\/script>\n<!-- \/ Yoast SEO plugin. -->","yoast_head_json":{"title":"Privatumo politika - Bl\u016bm","robots":{"index":"index","follow":"follow","max-snippet":"max-snippet:-1","max-image-preview":"max-image-preview:large","max-video-preview":"max-video-preview:-1"},"canonical":"https:\/\/blumdecor.eu\/index.php\/privatumo-politika\/","og_locale":"lt_LT","og_type":"article","og_title":"Privatumo politika - Bl\u016bm","og_description":"\u201eBl\u016bm\u201c privatumo politika\u201eBl\u016bm\u201c, pasiekiamas i\u0161 https:\/\/blumdecor.eu\/, vienas pagrindini\u0173 m\u016bs\u0173 prioritet\u0173 yra lankytoj\u0173 privatumas. \u0160iame privatumo politikos dokumente pateikiama informacija, kuri\u0105","og_url":"https:\/\/blumdecor.eu\/index.php\/privatumo-politika\/","og_site_name":"Bl\u016bm","article_publisher":"https:\/\/www.facebook.com\/blumdekoras","article_modified_time":"2024-06-23T09:40:57+00:00","og_image":[{"width":700,"height":400,"url":"https:\/\/blumdecor.eu\/wp-content\/uploads\/2023\/02\/Untitled-16.jpeg","type":"image\/jpeg"}],"twitter_card":"summary_large_image","twitter_misc":{"Est. reading time":"4 minut\u0117s"},"schema":{"@context":"https:\/\/schema.org","@graph":[{"@type":"WebPage","@id":"https:\/\/blumdecor.eu\/index.php\/privatumo-politika\/","url":"https:\/\/blumdecor.eu\/index.php\/privatumo-politika\/","name":"Privatumo politika - Bl\u016bm","isPartOf":{"@id":"https:\/\/blumdecor.eu\/#website"},"datePublished":"2023-02-16T12:06:38+00:00","dateModified":"2024-06-23T09:40:57+00:00","breadcrumb":{"@id":"https:\/\/blumdecor.eu\/index.php\/privatumo-politika\/#breadcrumb"},"inLanguage":"lt-LT","potentialAction":[{"@type":"ReadAction","target":["https:\/\/blumdecor.eu\/index.php\/privatumo-politika\/"]}]},{"@type":"BreadcrumbList","@id":"https:\/\/blumdecor.eu\/index.php\/privatumo-politika\/#breadcrumb","itemListElement":[{"@type":"ListItem","position":1,"name":"Pagrindinis","item":"https:\/\/blumdecor.eu\/"},{"@type":"ListItem","position":2,"name":"Privatumo politika"}]},{"@type":"WebSite","@id":"https:\/\/blumdecor.eu\/#website","url":"https:\/\/blumdecor.eu\/","name":"Bl\u016bm","description":"","publisher":{"@id":"https:\/\/blumdecor.eu\/#organization"},"potentialAction":[{"@type":"SearchAction","target":{"@type":"EntryPoint","urlTemplate":"https:\/\/blumdecor.eu\/?s={search_term_string}"},"query-input":{"@type":"PropertyValueSpecification","valueRequired":true,"valueName":"search_term_string"}}],"inLanguage":"lt-LT"},{"@type":"Organization","@id":"https:\/\/blumdecor.eu\/#organization","name":"Bl\u016bm","url":"https:\/\/blumdecor.eu\/","logo":{"@type":"ImageObject","inLanguage":"lt-LT","@id":"https:\/\/blumdecor.eu\/#\/schema\/logo\/image\/","url":"https:\/\/blumdecor.eu\/wp-content\/uploads\/2023\/02\/Untitled-16.jpeg","contentUrl":"https:\/\/blumdecor.eu\/wp-content\/uploads\/2023\/02\/Untitled-16.jpeg","width":700,"height":400,"caption":"Bl\u016bm"},"image":{"@id":"https:\/\/blumdecor.eu\/#\/schema\/logo\/image\/"},"sameAs":["https:\/\/www.facebook.com\/blumdekoras","https:\/\/www.instagram.com\/blumdekoras\/"]}]}},"_links":{"self":[{"href":"https:\/\/blumdecor.eu\/index.php\/wp-json\/wp\/v2\/pages\/3","targetHints":{"allow":["GET"]}}],"collection":[{"href":"https:\/\/blumdecor.eu\/index.php\/wp-json\/wp\/v2\/pages"}],"about":[{"href":"https:\/\/blumdecor.eu\/index.php\/wp-json\/wp\/v2\/types\/page"}],"author":[{"embeddable":true,"href":"https:\/\/blumdecor.eu\/index.php\/wp-json\/wp\/v2\/users\/1"}],"replies":[{"embeddable":true,"href":"https:\/\/blumdecor.eu\/index.php\/wp-json\/wp\/v2\/comments?post=3"}],"version-history":[{"count":1,"href":"https:\/\/blumdecor.eu\/index.php\/wp-json\/wp\/v2\/pages\/3\/revisions"}],"predecessor-version":[{"id":9115,"href":"https:\/\/blumdecor.eu\/index.php\/wp-json\/wp\/v2\/pages\/3\/revisions\/9115"}],"wp:attachment":[{"href":"https:\/\/blumdecor.eu\/index.php\/wp-json\/wp\/v2\/media?parent=3"}],"curies":[{"name":"wp","href":"https:\/\/api.w.org\/{rel}","templated":true}]}}