{"id":4400,"date":"2021-10-12T15:51:09","date_gmt":"2021-10-12T15:51:09","guid":{"rendered":"http:\/\/dummy.xtemos.com\/woodmart2\/elementor\/?page_id=4400"},"modified":"2024-06-03T12:55:45","modified_gmt":"2024-06-03T09:55:45","slug":"about-us-3","status":"publish","type":"page","link":"https:\/\/blumdecor.eu\/index.php\/about-us-3\/","title":{"rendered":"Apie"},"content":{"rendered":"\t\t<div data-elementor-type=\"wp-page\" data-elementor-id=\"4400\" class=\"elementor elementor-4400\">\n\t\t\t\t\t\t<section class=\"wd-negative-gap elementor-section elementor-top-section elementor-element elementor-element-3c548bca elementor-reverse-tablet elementor-reverse-mobile elementor-section-boxed elementor-section-height-default elementor-section-height-default\" data-id=\"3c548bca\" data-element_type=\"section\">\n\t\t\t\t\t\t<div class=\"elementor-container elementor-column-gap-default\">\n\t\t\t\t\t<div class=\"elementor-column elementor-col-50 elementor-top-column elementor-element elementor-element-1d354ed7\" data-id=\"1d354ed7\" data-element_type=\"column\">\n\t\t\t<div class=\"elementor-widget-wrap elementor-element-populated\">\n\t\t\t\t\t\t<div class=\"elementor-element elementor-element-3b8f1c6 elementor-widget elementor-widget-wd_image_or_svg\" data-id=\"3b8f1c6\" data-element_type=\"widget\" data-widget_type=\"wd_image_or_svg.default\">\n\t\t\t\t<div class=\"elementor-widget-container\">\n\t\t\t\t\t\n\t\t<div class=\"wd-image text-left\">\n\t\t\t\t\t\t\t\t<img fetchpriority=\"high\" decoding=\"async\" width=\"1440\" height=\"1440\" src=\"https:\/\/blumdecor.eu\/wp-content\/uploads\/2024\/05\/Blum-as.jpg\" class=\"attachment-full size-full\" alt=\"\" srcset=\"https:\/\/blumdecor.eu\/wp-content\/uploads\/2024\/05\/Blum-as.jpg 1440w, https:\/\/blumdecor.eu\/wp-content\/uploads\/2024\/05\/Blum-as-300x300.jpg 300w, https:\/\/blumdecor.eu\/wp-content\/uploads\/2024\/05\/Blum-as-800x800.jpg 800w, https:\/\/blumdecor.eu\/wp-content\/uploads\/2024\/05\/Blum-as-150x150.jpg 150w, https:\/\/blumdecor.eu\/wp-content\/uploads\/2024\/05\/Blum-as-768x768.jpg 768w, https:\/\/blumdecor.eu\/wp-content\/uploads\/2024\/05\/Blum-as-430x430.jpg 430w, https:\/\/blumdecor.eu\/wp-content\/uploads\/2024\/05\/Blum-as-700x700.jpg 700w\" sizes=\"(max-width: 1440px) 100vw, 1440px\" \/>\t\t\t\t\t<\/div>\n\n\t\t\t\t\t\t<\/div>\n\t\t\t\t<\/div>\n\t\t\t\t\t<\/div>\n\t\t<\/div>\n\t\t\t\t<div class=\"elementor-column elementor-col-50 elementor-top-column elementor-element elementor-element-7a9daa7\" data-id=\"7a9daa7\" data-element_type=\"column\">\n\t\t\t<div class=\"elementor-widget-wrap elementor-element-populated\">\n\t\t\t\t\t\t<div class=\"elementor-element elementor-element-18566191 wd-width-100 elementor-widget elementor-widget-wd_title\" data-id=\"18566191\" data-element_type=\"widget\" data-widget_type=\"wd_title.default\">\n\t\t\t\t<div class=\"elementor-widget-container\">\n\t\t\t\t\t\t\t<div class=\"title-wrapper wd-set-mb reset-last-child wd-title-color-primary wd-title-style-default wd-title-size-large text-left\">\n\n\t\t\t\n\t\t\t<div class=\"liner-continer\">\n\t\t\t\t<h4 class=\"woodmart-title-container title wd-fontsize-xxl\">APIE BL\u016aM<\/h4> \n\t\t\t\t\t\t\t<\/div>\n\n\t\t\t\t\t<\/div>\n\t\t\t\t\t\t<\/div>\n\t\t\t\t<\/div>\n\t\t\t\t<div class=\"elementor-element elementor-element-cf34ae6 elementor-widget elementor-widget-wd_text_block\" data-id=\"cf34ae6\" data-element_type=\"widget\" data-widget_type=\"wd_text_block.default\">\n\t\t\t\t<div class=\"elementor-widget-container\">\n\t\t\t\t\t\t\t<div class=\"wd-text-block reset-last-child text-left\">\n\t\t\t\n\t\t\t<p>Bl\u016bm prasid\u0117jo, pa\u010diai to ne\u017einant, prie\u0161 ma\u017edaug 4 metus. Visada jau\u010diau aistr\u0105 rankdarbiams bei jiems reikaling\u0105 kruop\u0161tum\u0105. Prad\u0117jau nuo rank\u0173 darbo atviruk\u0173 gamybos, v\u0117liau sek\u0117 stabilizuot\u0173 g\u0117li\u0173 kompozicijos, eksperimentai gaminant \u017evakes. Pra\u0117jus kiek laiko \u012fsimyl\u0117jau gyvas g\u0117les bei dekor\u0105. Nusprend\u017eiau mokytis dekoro ir savanoriavau pad\u0117dama dekoruoti. Nors esu baigus bakalauro studijas, nusprend\u017eiau, kad mokytojo profesija ne man ir prad\u0117jau mokytis floristo profesijos profesin\u0117je mokykloje.\u00a0<\/p><p>B\u0117gant metams vis labiau gryninau savo stili\u0173, m\u0117gstamas med\u017eiagas. Dekoravau visas \u012fmanomas \u0161ventes. Tobulinau \u017evaki\u0173 koncept\u0105 bei atradus nauj\u0105 aistr\u0105 prad\u0117jau auginti g\u0117les. Supratau koki\u0105 \u012ftak\u0105 man daro gamta, tod\u0117l nutariau, jog gaminamos \u017evak\u0117s, puok\u0161t\u0117s, kompozicijos, dekoras bus kuo nat\u016bralesnis. Bl\u016bm nerasite dirbtini\u0173 g\u0117li\u0173, o \u017evak\u0117s gaminamos tik i\u0161 nat\u016bralaus va\u0161ko bei eterini\u0173 aliej\u0173.\u00a0<\/p><p>Bl\u016bm apie nat\u016bralum\u0105, paprastum\u0105 ir jaukum\u0105!<\/p>\n\t\t\t\t\t<\/div>\n\t\t\t\t\t\t<\/div>\n\t\t\t\t<\/div>\n\t\t\t\t\t<\/div>\n\t\t<\/div>\n\t\t\t\t\t<\/div>\n\t\t<\/section>\n\t\t\t\t<section class=\"wd-negative-gap elementor-section elementor-top-section elementor-element elementor-element-52ee36d elementor-section-boxed elementor-section-height-default elementor-section-height-default\" data-id=\"52ee36d\" data-element_type=\"section\">\n\t\t\t\t\t\t<div class=\"elementor-container elementor-column-gap-default\">\n\t\t\t\t\t<div class=\"elementor-column elementor-col-100 elementor-top-column elementor-element elementor-element-6a9942c2\" data-id=\"6a9942c2\" data-element_type=\"column\">\n\t\t\t<div class=\"elementor-widget-wrap elementor-element-populated\">\n\t\t\t\t\t\t<div class=\"elementor-element elementor-element-75d7772b wd-width-100 elementor-widget elementor-widget-wd_title\" data-id=\"75d7772b\" data-element_type=\"widget\" data-widget_type=\"wd_title.default\">\n\t\t\t\t<div class=\"elementor-widget-container\">\n\t\t\t\t\t\t\t<div class=\"title-wrapper wd-set-mb reset-last-child wd-title-color-primary wd-title-style-default wd-title-size-large text-center\">\n\n\t\t\t\n\t\t\t<div class=\"liner-continer\">\n\t\t\t\t<h4 class=\"woodmart-title-container title wd-fontsize-xxl\">M\u016bs\u0173 komanda<\/h4> \n\t\t\t\t\t\t\t<\/div>\n\n\t\t\t\t\t<\/div>\n\t\t\t\t\t\t<\/div>\n\t\t\t\t<\/div>\n\t\t\t\t\t<\/div>\n\t\t<\/div>\n\t\t\t\t\t<\/div>\n\t\t<\/section>\n\t\t\t\t<section class=\"wd-negative-gap elementor-section elementor-top-section elementor-element elementor-element-83b510d elementor-section-boxed elementor-section-height-default elementor-section-height-default\" data-id=\"83b510d\" data-element_type=\"section\">\n\t\t\t\t\t\t<div class=\"elementor-container elementor-column-gap-extended\">\n\t\t\t\t\t<div class=\"elementor-column elementor-col-25 elementor-top-column elementor-element elementor-element-7e1fc6fc\" data-id=\"7e1fc6fc\" data-element_type=\"column\">\n\t\t\t<div class=\"elementor-widget-wrap\">\n\t\t\t\t\t\t\t<\/div>\n\t\t<\/div>\n\t\t\t\t<div class=\"elementor-column elementor-col-25 elementor-top-column elementor-element elementor-element-7f387d5c\" data-id=\"7f387d5c\" data-element_type=\"column\">\n\t\t\t<div class=\"elementor-widget-wrap elementor-element-populated\">\n\t\t\t\t\t\t<div class=\"elementor-element elementor-element-25be736 elementor-widget elementor-widget-wd_team_member\" data-id=\"25be736\" data-element_type=\"widget\" data-widget_type=\"wd_team_member.default\">\n\t\t\t\t<div class=\"elementor-widget-container\">\n\t\t\t\t\t\t\t<div class=\"team-member member-layout-default text-center\">\n\t\t\t\t\t\t\t<div class=\"member-image-wrapper\">\n\t\t\t\t\t<div class=\"member-image\">\n\t\t\t\t\t\t<img decoding=\"async\" width=\"400\" height=\"643\" src=\"https:\/\/blumdecor.eu\/wp-content\/uploads\/2021\/10\/about-us-3-team-member-4.jpg\" class=\"attachment-full size-full\" alt=\"\" srcset=\"https:\/\/blumdecor.eu\/wp-content\/uploads\/2021\/10\/about-us-3-team-member-4.jpg 400w, https:\/\/blumdecor.eu\/wp-content\/uploads\/2021\/10\/about-us-3-team-member-4-150x241.jpg 150w\" sizes=\"(max-width: 400px) 100vw, 400px\" \/>\t\t\t\t\t<\/div>\n\t\t\t\t<\/div>\n\t\t\t\n\t\t\t<div class=\"member-details wd-set-mb reset-last-child\">\n\t\t\t\t\t\t\t\t\t<h4 class=\"member-name\">\n\t\t\t\t\t\tKristin \t\t\t\t\t<\/h4>\n\t\t\t\t\n\t\t\t\t\t\t\t\t\t<div class=\"member-position\">\n\t\t\t\t\t\tCEO \/ FOUNDER\t\t\t\t\t<\/div>\n\t\t\t\t\n\t\t\t\t\n\t\t\t\t\t\t\t<\/div>\n\t\t<\/div>\n\t\t\t\t\t\t<\/div>\n\t\t\t\t<\/div>\n\t\t\t\t\t<\/div>\n\t\t<\/div>\n\t\t\t\t<div class=\"elementor-column elementor-col-25 elementor-top-column elementor-element elementor-element-23745794\" data-id=\"23745794\" data-element_type=\"column\">\n\t\t\t<div class=\"elementor-widget-wrap elementor-element-populated\">\n\t\t\t\t\t\t<div class=\"elementor-element elementor-element-1f3bd4d2 elementor-widget elementor-widget-wd_team_member\" data-id=\"1f3bd4d2\" data-element_type=\"widget\" data-widget_type=\"wd_team_member.default\">\n\t\t\t\t<div class=\"elementor-widget-container\">\n\t\t\t\t\t\t\t<div class=\"team-member member-layout-default text-center\">\n\t\t\t\t\t\t\t<div class=\"member-image-wrapper\">\n\t\t\t\t\t<div class=\"member-image\">\n\t\t\t\t\t\t<img decoding=\"async\" width=\"400\" height=\"643\" src=\"https:\/\/blumdecor.eu\/wp-content\/uploads\/2021\/10\/about-us-3-team-member-3.jpg\" class=\"attachment-full size-full\" alt=\"\" srcset=\"https:\/\/blumdecor.eu\/wp-content\/uploads\/2021\/10\/about-us-3-team-member-3.jpg 400w, https:\/\/blumdecor.eu\/wp-content\/uploads\/2021\/10\/about-us-3-team-member-3-150x241.jpg 150w\" sizes=\"(max-width: 400px) 100vw, 400px\" \/>\t\t\t\t\t<\/div>\n\t\t\t\t<\/div>\n\t\t\t\n\t\t\t<div class=\"member-details wd-set-mb reset-last-child\">\n\t\t\t\t\t\t\t\t\t<h4 class=\"member-name\">\n\t\t\t\t\t\tBraydon \t\t\t\t\t<\/h4>\n\t\t\t\t\n\t\t\t\t\t\t\t\t\t<div class=\"member-position\">\n\t\t\t\t\t\tCEO \/ FOUNDER\t\t\t\t\t<\/div>\n\t\t\t\t\n\t\t\t\t\n\t\t\t\t\t\t\t<\/div>\n\t\t<\/div>\n\t\t\t\t\t\t<\/div>\n\t\t\t\t<\/div>\n\t\t\t\t\t<\/div>\n\t\t<\/div>\n\t\t\t\t<div class=\"elementor-column elementor-col-25 elementor-top-column elementor-element elementor-element-533d0ceb\" data-id=\"533d0ceb\" data-element_type=\"column\">\n\t\t\t<div class=\"elementor-widget-wrap\">\n\t\t\t\t\t\t\t<\/div>\n\t\t<\/div>\n\t\t\t\t\t<\/div>\n\t\t<\/section>\n\t\t\t\t<\/div>\n\t\t","protected":false},"excerpt":{"rendered":"<p>APIE BL\u016aM Bl\u016bm prasid\u0117jo, pa\u010diai to ne\u017einant, prie\u0161 ma\u017edaug 4 metus. Visada jau\u010diau aistr\u0105 rankdarbiams bei jiems reikaling\u0105 kruop\u0161tum\u0105. Prad\u0117jau<\/p>\n","protected":false},"author":1,"featured_media":0,"parent":0,"menu_order":0,"comment_status":"closed","ping_status":"closed","template":"","meta":{"footnotes":""},"class_list":["post-4400","page","type-page","status-publish","hentry"],"yoast_head":"<!-- This site is optimized with the Yoast SEO plugin v24.8.1 - https:\/\/yoast.com\/wordpress\/plugins\/seo\/ -->\n<title>Apie - Bl\u016bm<\/title>\n<meta name=\"robots\" content=\"index, follow, max-snippet:-1, max-image-preview:large, max-video-preview:-1\" \/>\n<link rel=\"canonical\" href=\"https:\/\/blumdecor.eu\/index.php\/about-us-3\/\" \/>\n<meta property=\"og:locale\" content=\"lt_LT\" \/>\n<meta property=\"og:type\" content=\"article\" \/>\n<meta property=\"og:title\" content=\"Apie - Bl\u016bm\" \/>\n<meta property=\"og:description\" content=\"APIE BL\u016aM Bl\u016bm prasid\u0117jo, pa\u010diai to ne\u017einant, prie\u0161 ma\u017edaug 4 metus. Visada jau\u010diau aistr\u0105 rankdarbiams bei jiems reikaling\u0105 kruop\u0161tum\u0105. Prad\u0117jau\" \/>\n<meta property=\"og:url\" content=\"https:\/\/blumdecor.eu\/index.php\/about-us-3\/\" \/>\n<meta property=\"og:site_name\" content=\"Bl\u016bm\" \/>\n<meta property=\"article:publisher\" content=\"https:\/\/www.facebook.com\/blumdekoras\" \/>\n<meta property=\"article:modified_time\" content=\"2024-06-03T09:55:45+00:00\" \/>\n<meta property=\"og:image\" content=\"https:\/\/blumdecor.eu\/wp-content\/uploads\/2024\/05\/Blum-as.jpg\" \/>\n<meta name=\"twitter:card\" content=\"summary_large_image\" \/>\n<meta name=\"twitter:label1\" content=\"Est. reading time\" \/>\n\t<meta name=\"twitter:data1\" content=\"1 minut\u0117\" \/>\n<script type=\"application\/ld+json\" class=\"yoast-schema-graph\">{\"@context\":\"https:\/\/schema.org\",\"@graph\":[{\"@type\":\"WebPage\",\"@id\":\"https:\/\/blumdecor.eu\/index.php\/about-us-3\/\",\"url\":\"https:\/\/blumdecor.eu\/index.php\/about-us-3\/\",\"name\":\"Apie - Bl\u016bm\",\"isPartOf\":{\"@id\":\"https:\/\/blumdecor.eu\/#website\"},\"primaryImageOfPage\":{\"@id\":\"https:\/\/blumdecor.eu\/index.php\/about-us-3\/#primaryimage\"},\"image\":{\"@id\":\"https:\/\/blumdecor.eu\/index.php\/about-us-3\/#primaryimage\"},\"thumbnailUrl\":\"https:\/\/blumdecor.eu\/wp-content\/uploads\/2024\/05\/Blum-as.jpg\",\"datePublished\":\"2021-10-12T15:51:09+00:00\",\"dateModified\":\"2024-06-03T09:55:45+00:00\",\"breadcrumb\":{\"@id\":\"https:\/\/blumdecor.eu\/index.php\/about-us-3\/#breadcrumb\"},\"inLanguage\":\"lt-LT\",\"potentialAction\":[{\"@type\":\"ReadAction\",\"target\":[\"https:\/\/blumdecor.eu\/index.php\/about-us-3\/\"]}]},{\"@type\":\"ImageObject\",\"inLanguage\":\"lt-LT\",\"@id\":\"https:\/\/blumdecor.eu\/index.php\/about-us-3\/#primaryimage\",\"url\":\"https:\/\/blumdecor.eu\/wp-content\/uploads\/2024\/05\/Blum-as.jpg\",\"contentUrl\":\"https:\/\/blumdecor.eu\/wp-content\/uploads\/2024\/05\/Blum-as.jpg\",\"width\":1440,\"height\":1440},{\"@type\":\"BreadcrumbList\",\"@id\":\"https:\/\/blumdecor.eu\/index.php\/about-us-3\/#breadcrumb\",\"itemListElement\":[{\"@type\":\"ListItem\",\"position\":1,\"name\":\"Pagrindinis\",\"item\":\"https:\/\/blumdecor.eu\/\"},{\"@type\":\"ListItem\",\"position\":2,\"name\":\"Apie\"}]},{\"@type\":\"WebSite\",\"@id\":\"https:\/\/blumdecor.eu\/#website\",\"url\":\"https:\/\/blumdecor.eu\/\",\"name\":\"Bl\u016bm\",\"description\":\"\",\"publisher\":{\"@id\":\"https:\/\/blumdecor.eu\/#organization\"},\"potentialAction\":[{\"@type\":\"SearchAction\",\"target\":{\"@type\":\"EntryPoint\",\"urlTemplate\":\"https:\/\/blumdecor.eu\/?s={search_term_string}\"},\"query-input\":{\"@type\":\"PropertyValueSpecification\",\"valueRequired\":true,\"valueName\":\"search_term_string\"}}],\"inLanguage\":\"lt-LT\"},{\"@type\":\"Organization\",\"@id\":\"https:\/\/blumdecor.eu\/#organization\",\"name\":\"Bl\u016bm\",\"url\":\"https:\/\/blumdecor.eu\/\",\"logo\":{\"@type\":\"ImageObject\",\"inLanguage\":\"lt-LT\",\"@id\":\"https:\/\/blumdecor.eu\/#\/schema\/logo\/image\/\",\"url\":\"https:\/\/blumdecor.eu\/wp-content\/uploads\/2023\/02\/Untitled-16.jpeg\",\"contentUrl\":\"https:\/\/blumdecor.eu\/wp-content\/uploads\/2023\/02\/Untitled-16.jpeg\",\"width\":700,\"height\":400,\"caption\":\"Bl\u016bm\"},\"image\":{\"@id\":\"https:\/\/blumdecor.eu\/#\/schema\/logo\/image\/\"},\"sameAs\":[\"https:\/\/www.facebook.com\/blumdekoras\",\"https:\/\/www.instagram.com\/blumdekoras\/\"]}]}<\/script>\n<!-- \/ Yoast SEO plugin. -->","yoast_head_json":{"title":"Apie - Bl\u016bm","robots":{"index":"index","follow":"follow","max-snippet":"max-snippet:-1","max-image-preview":"max-image-preview:large","max-video-preview":"max-video-preview:-1"},"canonical":"https:\/\/blumdecor.eu\/index.php\/about-us-3\/","og_locale":"lt_LT","og_type":"article","og_title":"Apie - Bl\u016bm","og_description":"APIE BL\u016aM Bl\u016bm prasid\u0117jo, pa\u010diai to ne\u017einant, prie\u0161 ma\u017edaug 4 metus. Visada jau\u010diau aistr\u0105 rankdarbiams bei jiems reikaling\u0105 kruop\u0161tum\u0105. Prad\u0117jau","og_url":"https:\/\/blumdecor.eu\/index.php\/about-us-3\/","og_site_name":"Bl\u016bm","article_publisher":"https:\/\/www.facebook.com\/blumdekoras","article_modified_time":"2024-06-03T09:55:45+00:00","og_image":[{"url":"https:\/\/blumdecor.eu\/wp-content\/uploads\/2024\/05\/Blum-as.jpg","type":"","width":"","height":""}],"twitter_card":"summary_large_image","twitter_misc":{"Est. reading time":"1 minut\u0117"},"schema":{"@context":"https:\/\/schema.org","@graph":[{"@type":"WebPage","@id":"https:\/\/blumdecor.eu\/index.php\/about-us-3\/","url":"https:\/\/blumdecor.eu\/index.php\/about-us-3\/","name":"Apie - Bl\u016bm","isPartOf":{"@id":"https:\/\/blumdecor.eu\/#website"},"primaryImageOfPage":{"@id":"https:\/\/blumdecor.eu\/index.php\/about-us-3\/#primaryimage"},"image":{"@id":"https:\/\/blumdecor.eu\/index.php\/about-us-3\/#primaryimage"},"thumbnailUrl":"https:\/\/blumdecor.eu\/wp-content\/uploads\/2024\/05\/Blum-as.jpg","datePublished":"2021-10-12T15:51:09+00:00","dateModified":"2024-06-03T09:55:45+00:00","breadcrumb":{"@id":"https:\/\/blumdecor.eu\/index.php\/about-us-3\/#breadcrumb"},"inLanguage":"lt-LT","potentialAction":[{"@type":"ReadAction","target":["https:\/\/blumdecor.eu\/index.php\/about-us-3\/"]}]},{"@type":"ImageObject","inLanguage":"lt-LT","@id":"https:\/\/blumdecor.eu\/index.php\/about-us-3\/#primaryimage","url":"https:\/\/blumdecor.eu\/wp-content\/uploads\/2024\/05\/Blum-as.jpg","contentUrl":"https:\/\/blumdecor.eu\/wp-content\/uploads\/2024\/05\/Blum-as.jpg","width":1440,"height":1440},{"@type":"BreadcrumbList","@id":"https:\/\/blumdecor.eu\/index.php\/about-us-3\/#breadcrumb","itemListElement":[{"@type":"ListItem","position":1,"name":"Pagrindinis","item":"https:\/\/blumdecor.eu\/"},{"@type":"ListItem","position":2,"name":"Apie"}]},{"@type":"WebSite","@id":"https:\/\/blumdecor.eu\/#website","url":"https:\/\/blumdecor.eu\/","name":"Bl\u016bm","description":"","publisher":{"@id":"https:\/\/blumdecor.eu\/#organization"},"potentialAction":[{"@type":"SearchAction","target":{"@type":"EntryPoint","urlTemplate":"https:\/\/blumdecor.eu\/?s={search_term_string}"},"query-input":{"@type":"PropertyValueSpecification","valueRequired":true,"valueName":"search_term_string"}}],"inLanguage":"lt-LT"},{"@type":"Organization","@id":"https:\/\/blumdecor.eu\/#organization","name":"Bl\u016bm","url":"https:\/\/blumdecor.eu\/","logo":{"@type":"ImageObject","inLanguage":"lt-LT","@id":"https:\/\/blumdecor.eu\/#\/schema\/logo\/image\/","url":"https:\/\/blumdecor.eu\/wp-content\/uploads\/2023\/02\/Untitled-16.jpeg","contentUrl":"https:\/\/blumdecor.eu\/wp-content\/uploads\/2023\/02\/Untitled-16.jpeg","width":700,"height":400,"caption":"Bl\u016bm"},"image":{"@id":"https:\/\/blumdecor.eu\/#\/schema\/logo\/image\/"},"sameAs":["https:\/\/www.facebook.com\/blumdekoras","https:\/\/www.instagram.com\/blumdekoras\/"]}]}},"_links":{"self":[{"href":"https:\/\/blumdecor.eu\/index.php\/wp-json\/wp\/v2\/pages\/4400","targetHints":{"allow":["GET"]}}],"collection":[{"href":"https:\/\/blumdecor.eu\/index.php\/wp-json\/wp\/v2\/pages"}],"about":[{"href":"https:\/\/blumdecor.eu\/index.php\/wp-json\/wp\/v2\/types\/page"}],"author":[{"embeddable":true,"href":"https:\/\/blumdecor.eu\/index.php\/wp-json\/wp\/v2\/users\/1"}],"replies":[{"embeddable":true,"href":"https:\/\/blumdecor.eu\/index.php\/wp-json\/wp\/v2\/comments?post=4400"}],"version-history":[{"count":20,"href":"https:\/\/blumdecor.eu\/index.php\/wp-json\/wp\/v2\/pages\/4400\/revisions"}],"predecessor-version":[{"id":9064,"href":"https:\/\/blumdecor.eu\/index.php\/wp-json\/wp\/v2\/pages\/4400\/revisions\/9064"}],"wp:attachment":[{"href":"https:\/\/blumdecor.eu\/index.php\/wp-json\/wp\/v2\/media?parent=4400"}],"curies":[{"name":"wp","href":"https:\/\/api.w.org\/{rel}","templated":true}]}}