{"id":8955,"date":"2024-05-21T17:13:14","date_gmt":"2024-05-21T14:13:14","guid":{"rendered":"https:\/\/blumdecor.eu\/?page_id=8955"},"modified":"2024-09-18T17:15:16","modified_gmt":"2024-09-18T14:15:16","slug":"nuoma","status":"publish","type":"page","link":"https:\/\/blumdecor.eu\/index.php\/nuoma\/","title":{"rendered":"Nuoma"},"content":{"rendered":"\t\t<div data-elementor-type=\"wp-page\" data-elementor-id=\"8955\" class=\"elementor elementor-8955\">\n\t\t\t\t\t\t<section class=\"wd-negative-gap elementor-section elementor-top-section elementor-element elementor-element-240b5df3 elementor-section-content-middle elementor-section-boxed elementor-section-height-default elementor-section-height-default\" data-id=\"240b5df3\" data-element_type=\"section\">\n\t\t\t\t\t\t<div class=\"elementor-container elementor-column-gap-default\">\n\t\t\t\t\t<div class=\"elementor-column elementor-col-50 elementor-top-column elementor-element elementor-element-37622a54\" data-id=\"37622a54\" data-element_type=\"column\">\n\t\t\t<div class=\"elementor-widget-wrap elementor-element-populated\">\n\t\t\t\t\t\t<section class=\"wd-negative-gap elementor-section elementor-inner-section elementor-element elementor-element-1e9fc069 elementor-section-boxed elementor-section-height-default elementor-section-height-default\" data-id=\"1e9fc069\" data-element_type=\"section\">\n\t\t\t\t\t\t<div class=\"elementor-container elementor-column-gap-extended\">\n\t\t\t\t\t<div class=\"elementor-column elementor-col-50 elementor-inner-column elementor-element elementor-element-61dec5bf\" data-id=\"61dec5bf\" data-element_type=\"column\">\n\t\t\t<div class=\"elementor-widget-wrap elementor-element-populated\">\n\t\t\t\t\t\t<div class=\"elementor-element elementor-element-2e287436 elementor-widget elementor-widget-wd_image_or_svg\" data-id=\"2e287436\" data-element_type=\"widget\" data-widget_type=\"wd_image_or_svg.default\">\n\t\t\t\t<div class=\"elementor-widget-container\">\n\t\t\t\t\t\n\t\t<div class=\"wd-image text-left\">\n\t\t\t\t\t\t\t\t<img fetchpriority=\"high\" decoding=\"async\" width=\"300\" height=\"400\" src=\"https:\/\/blumdecor.eu\/wp-content\/uploads\/2021\/09\/photostoriesbyIeva146-scaled-300x400.jpg\" class=\"attachment-300x400 size-300x400\" alt=\"\" \/>\t\t\t\t\t<\/div>\n\n\t\t\t\t\t\t<\/div>\n\t\t\t\t<\/div>\n\t\t\t\t\t<\/div>\n\t\t<\/div>\n\t\t\t\t<div class=\"elementor-column elementor-col-50 elementor-top-column elementor-element elementor-element-28cd1864\" data-id=\"28cd1864\" data-element_type=\"column\">\n\t\t\t<div class=\"elementor-widget-wrap elementor-element-populated\">\n\t\t\t\t\t\t<div class=\"elementor-element elementor-element-77236bc4 elementor-widget elementor-widget-wd_image_or_svg\" data-id=\"77236bc4\" data-element_type=\"widget\" data-widget_type=\"wd_image_or_svg.default\">\n\t\t\t\t<div class=\"elementor-widget-container\">\n\t\t\t\t\t\n\t\t<div class=\"wd-image text-left\">\n\t\t\t\t\t\t\t\t<img decoding=\"async\" width=\"300\" height=\"400\" src=\"https:\/\/blumdecor.eu\/wp-content\/uploads\/2021\/09\/359681090_312120411272959_6289845458476404831_n-300x400.jpg\" class=\"attachment-300x400 size-300x400\" alt=\"\" \/>\t\t\t\t\t<\/div>\n\n\t\t\t\t\t\t<\/div>\n\t\t\t\t<\/div>\n\t\t\t\t\t<\/div>\n\t\t<\/div>\n\t\t\t\t\t<\/div>\n\t\t<\/section>\n\t\t\t\t\t<\/div>\n\t\t<\/div>\n\t\t\t\t<div class=\"elementor-column elementor-col-50 elementor-top-column elementor-element elementor-element-71af527c\" data-id=\"71af527c\" data-element_type=\"column\">\n\t\t\t<div class=\"elementor-widget-wrap elementor-element-populated\">\n\t\t\t\t\t\t<div class=\"elementor-element elementor-element-32ef31d0 elementor-widget elementor-widget-wd_text_block\" data-id=\"32ef31d0\" data-element_type=\"widget\" data-widget_type=\"wd_text_block.default\">\n\t\t\t\t<div class=\"elementor-widget-container\">\n\t\t\t\t\t\t\t<div class=\"wd-text-block reset-last-child text-center color-primary color-scheme-custom\">\n\t\t\t\n\t\t\t<p><span style=\"font-size: 30px; color: var(--wd-primary-color); text-align: var(--text-align);\">Rekvizit\u0173 nuoma kiekvienam!<\/span><\/p>\n\t\t\t\t\t<\/div>\n\t\t\t\t\t\t<\/div>\n\t\t\t\t<\/div>\n\t\t\t\t<div class=\"elementor-element elementor-element-43066099 wd-width-100 elementor-widget elementor-widget-wd_title\" data-id=\"43066099\" data-element_type=\"widget\" data-widget_type=\"wd_title.default\">\n\t\t\t\t<div class=\"elementor-widget-container\">\n\t\t\t\t\t\t\t<div class=\"title-wrapper wd-set-mb reset-last-child wd-title-color-default wd-title-style-default wd-title-size-default text-center\">\n\n\t\t\t\n\t\t\t<div class=\"liner-continer\">\n\t\t\t\t<h4 class=\"woodmart-title-container title wd-fontsize-l\"><\/h4> \n\t\t\t\t\t\t\t<\/div>\n\n\t\t\t\t\t\t\t<div class=\"title-after_title reset-last-child wd-fontsize-xs\">\n\t\t\t\t\t<p>Stengiantis atliepti kiekvieno kliento poreik\u012f, sandelys vis pildosi naujais, reikalingais rekvizitais, tod\u0117l galime pasi\u016blyti ir rekvizit\u0173 nuom\u0105 j\u016bs\u0173 \u0161vent\u0117ms!<br>M\u016bs\u0173 dekoracijas gali nuomotis bet kas bei n\u0117ra minimalaus daikt\u0173 kiekio.<\/p>\t\t\t\t<\/div>\n\t\t\t\t\t<\/div>\n\t\t\t\t\t\t<\/div>\n\t\t\t\t<\/div>\n\t\t\t\t\t<\/div>\n\t\t<\/div>\n\t\t\t\t\t<\/div>\n\t\t<\/section>\n\t\t\t\t<\/div>\n\t\t","protected":false},"excerpt":{"rendered":"<p>Rekvizit\u0173 nuoma kiekvienam! Stengiantis atliepti kiekvieno kliento poreik\u012f, sandelys vis pildosi naujais, reikalingais rekvizitais, tod\u0117l galime pasi\u016blyti ir rekvizit\u0173 nuom\u0105<\/p>\n","protected":false},"author":2,"featured_media":0,"parent":0,"menu_order":0,"comment_status":"closed","ping_status":"closed","template":"","meta":{"footnotes":""},"class_list":["post-8955","page","type-page","status-publish","hentry"],"yoast_head":"<!-- This site is optimized with the Yoast SEO plugin v24.8.1 - https:\/\/yoast.com\/wordpress\/plugins\/seo\/ -->\n<title>Nuoma - Bl\u016bm<\/title>\n<meta name=\"robots\" content=\"index, follow, max-snippet:-1, max-image-preview:large, max-video-preview:-1\" \/>\n<link rel=\"canonical\" href=\"https:\/\/blumdecor.eu\/index.php\/nuoma\/\" \/>\n<meta property=\"og:locale\" content=\"lt_LT\" \/>\n<meta property=\"og:type\" content=\"article\" \/>\n<meta property=\"og:title\" content=\"Nuoma - Bl\u016bm\" \/>\n<meta property=\"og:description\" content=\"Rekvizit\u0173 nuoma kiekvienam! Stengiantis atliepti kiekvieno kliento poreik\u012f, sandelys vis pildosi naujais, reikalingais rekvizitais, tod\u0117l galime pasi\u016blyti ir rekvizit\u0173 nuom\u0105\" \/>\n<meta property=\"og:url\" content=\"https:\/\/blumdecor.eu\/index.php\/nuoma\/\" \/>\n<meta property=\"og:site_name\" content=\"Bl\u016bm\" \/>\n<meta property=\"article:publisher\" content=\"https:\/\/www.facebook.com\/blumdekoras\" \/>\n<meta property=\"article:modified_time\" content=\"2024-09-18T14:15:16+00:00\" \/>\n<meta property=\"og:image\" content=\"https:\/\/blumdecor.eu\/wp-content\/uploads\/2021\/09\/photostoriesbyIeva146-scaled-300x400.jpg\" \/>\n<meta name=\"twitter:card\" content=\"summary_large_image\" \/>\n<meta name=\"twitter:label1\" content=\"Est. reading time\" \/>\n\t<meta name=\"twitter:data1\" content=\"1 minut\u0117\" \/>\n<script type=\"application\/ld+json\" class=\"yoast-schema-graph\">{\"@context\":\"https:\/\/schema.org\",\"@graph\":[{\"@type\":\"WebPage\",\"@id\":\"https:\/\/blumdecor.eu\/index.php\/nuoma\/\",\"url\":\"https:\/\/blumdecor.eu\/index.php\/nuoma\/\",\"name\":\"Nuoma - Bl\u016bm\",\"isPartOf\":{\"@id\":\"https:\/\/blumdecor.eu\/#website\"},\"primaryImageOfPage\":{\"@id\":\"https:\/\/blumdecor.eu\/index.php\/nuoma\/#primaryimage\"},\"image\":{\"@id\":\"https:\/\/blumdecor.eu\/index.php\/nuoma\/#primaryimage\"},\"thumbnailUrl\":\"https:\/\/blumdecor.eu\/wp-content\/uploads\/2021\/09\/photostoriesbyIeva146-scaled-300x400.jpg\",\"datePublished\":\"2024-05-21T14:13:14+00:00\",\"dateModified\":\"2024-09-18T14:15:16+00:00\",\"breadcrumb\":{\"@id\":\"https:\/\/blumdecor.eu\/index.php\/nuoma\/#breadcrumb\"},\"inLanguage\":\"lt-LT\",\"potentialAction\":[{\"@type\":\"ReadAction\",\"target\":[\"https:\/\/blumdecor.eu\/index.php\/nuoma\/\"]}]},{\"@type\":\"ImageObject\",\"inLanguage\":\"lt-LT\",\"@id\":\"https:\/\/blumdecor.eu\/index.php\/nuoma\/#primaryimage\",\"url\":\"https:\/\/blumdecor.eu\/wp-content\/uploads\/2021\/09\/photostoriesbyIeva146-scaled.jpg\",\"contentUrl\":\"https:\/\/blumdecor.eu\/wp-content\/uploads\/2021\/09\/photostoriesbyIeva146-scaled.jpg\",\"width\":2560,\"height\":1707},{\"@type\":\"BreadcrumbList\",\"@id\":\"https:\/\/blumdecor.eu\/index.php\/nuoma\/#breadcrumb\",\"itemListElement\":[{\"@type\":\"ListItem\",\"position\":1,\"name\":\"Pagrindinis\",\"item\":\"https:\/\/blumdecor.eu\/\"},{\"@type\":\"ListItem\",\"position\":2,\"name\":\"Nuoma\"}]},{\"@type\":\"WebSite\",\"@id\":\"https:\/\/blumdecor.eu\/#website\",\"url\":\"https:\/\/blumdecor.eu\/\",\"name\":\"Bl\u016bm\",\"description\":\"\",\"publisher\":{\"@id\":\"https:\/\/blumdecor.eu\/#organization\"},\"potentialAction\":[{\"@type\":\"SearchAction\",\"target\":{\"@type\":\"EntryPoint\",\"urlTemplate\":\"https:\/\/blumdecor.eu\/?s={search_term_string}\"},\"query-input\":{\"@type\":\"PropertyValueSpecification\",\"valueRequired\":true,\"valueName\":\"search_term_string\"}}],\"inLanguage\":\"lt-LT\"},{\"@type\":\"Organization\",\"@id\":\"https:\/\/blumdecor.eu\/#organization\",\"name\":\"Bl\u016bm\",\"url\":\"https:\/\/blumdecor.eu\/\",\"logo\":{\"@type\":\"ImageObject\",\"inLanguage\":\"lt-LT\",\"@id\":\"https:\/\/blumdecor.eu\/#\/schema\/logo\/image\/\",\"url\":\"https:\/\/blumdecor.eu\/wp-content\/uploads\/2023\/02\/Untitled-16.jpeg\",\"contentUrl\":\"https:\/\/blumdecor.eu\/wp-content\/uploads\/2023\/02\/Untitled-16.jpeg\",\"width\":700,\"height\":400,\"caption\":\"Bl\u016bm\"},\"image\":{\"@id\":\"https:\/\/blumdecor.eu\/#\/schema\/logo\/image\/\"},\"sameAs\":[\"https:\/\/www.facebook.com\/blumdekoras\",\"https:\/\/www.instagram.com\/blumdekoras\/\"]}]}<\/script>\n<!-- \/ Yoast SEO plugin. -->","yoast_head_json":{"title":"Nuoma - Bl\u016bm","robots":{"index":"index","follow":"follow","max-snippet":"max-snippet:-1","max-image-preview":"max-image-preview:large","max-video-preview":"max-video-preview:-1"},"canonical":"https:\/\/blumdecor.eu\/index.php\/nuoma\/","og_locale":"lt_LT","og_type":"article","og_title":"Nuoma - Bl\u016bm","og_description":"Rekvizit\u0173 nuoma kiekvienam! Stengiantis atliepti kiekvieno kliento poreik\u012f, sandelys vis pildosi naujais, reikalingais rekvizitais, tod\u0117l galime pasi\u016blyti ir rekvizit\u0173 nuom\u0105","og_url":"https:\/\/blumdecor.eu\/index.php\/nuoma\/","og_site_name":"Bl\u016bm","article_publisher":"https:\/\/www.facebook.com\/blumdekoras","article_modified_time":"2024-09-18T14:15:16+00:00","og_image":[{"url":"https:\/\/blumdecor.eu\/wp-content\/uploads\/2021\/09\/photostoriesbyIeva146-scaled-300x400.jpg","type":"","width":"","height":""}],"twitter_card":"summary_large_image","twitter_misc":{"Est. reading time":"1 minut\u0117"},"schema":{"@context":"https:\/\/schema.org","@graph":[{"@type":"WebPage","@id":"https:\/\/blumdecor.eu\/index.php\/nuoma\/","url":"https:\/\/blumdecor.eu\/index.php\/nuoma\/","name":"Nuoma - Bl\u016bm","isPartOf":{"@id":"https:\/\/blumdecor.eu\/#website"},"primaryImageOfPage":{"@id":"https:\/\/blumdecor.eu\/index.php\/nuoma\/#primaryimage"},"image":{"@id":"https:\/\/blumdecor.eu\/index.php\/nuoma\/#primaryimage"},"thumbnailUrl":"https:\/\/blumdecor.eu\/wp-content\/uploads\/2021\/09\/photostoriesbyIeva146-scaled-300x400.jpg","datePublished":"2024-05-21T14:13:14+00:00","dateModified":"2024-09-18T14:15:16+00:00","breadcrumb":{"@id":"https:\/\/blumdecor.eu\/index.php\/nuoma\/#breadcrumb"},"inLanguage":"lt-LT","potentialAction":[{"@type":"ReadAction","target":["https:\/\/blumdecor.eu\/index.php\/nuoma\/"]}]},{"@type":"ImageObject","inLanguage":"lt-LT","@id":"https:\/\/blumdecor.eu\/index.php\/nuoma\/#primaryimage","url":"https:\/\/blumdecor.eu\/wp-content\/uploads\/2021\/09\/photostoriesbyIeva146-scaled.jpg","contentUrl":"https:\/\/blumdecor.eu\/wp-content\/uploads\/2021\/09\/photostoriesbyIeva146-scaled.jpg","width":2560,"height":1707},{"@type":"BreadcrumbList","@id":"https:\/\/blumdecor.eu\/index.php\/nuoma\/#breadcrumb","itemListElement":[{"@type":"ListItem","position":1,"name":"Pagrindinis","item":"https:\/\/blumdecor.eu\/"},{"@type":"ListItem","position":2,"name":"Nuoma"}]},{"@type":"WebSite","@id":"https:\/\/blumdecor.eu\/#website","url":"https:\/\/blumdecor.eu\/","name":"Bl\u016bm","description":"","publisher":{"@id":"https:\/\/blumdecor.eu\/#organization"},"potentialAction":[{"@type":"SearchAction","target":{"@type":"EntryPoint","urlTemplate":"https:\/\/blumdecor.eu\/?s={search_term_string}"},"query-input":{"@type":"PropertyValueSpecification","valueRequired":true,"valueName":"search_term_string"}}],"inLanguage":"lt-LT"},{"@type":"Organization","@id":"https:\/\/blumdecor.eu\/#organization","name":"Bl\u016bm","url":"https:\/\/blumdecor.eu\/","logo":{"@type":"ImageObject","inLanguage":"lt-LT","@id":"https:\/\/blumdecor.eu\/#\/schema\/logo\/image\/","url":"https:\/\/blumdecor.eu\/wp-content\/uploads\/2023\/02\/Untitled-16.jpeg","contentUrl":"https:\/\/blumdecor.eu\/wp-content\/uploads\/2023\/02\/Untitled-16.jpeg","width":700,"height":400,"caption":"Bl\u016bm"},"image":{"@id":"https:\/\/blumdecor.eu\/#\/schema\/logo\/image\/"},"sameAs":["https:\/\/www.facebook.com\/blumdekoras","https:\/\/www.instagram.com\/blumdekoras\/"]}]}},"_links":{"self":[{"href":"https:\/\/blumdecor.eu\/index.php\/wp-json\/wp\/v2\/pages\/8955","targetHints":{"allow":["GET"]}}],"collection":[{"href":"https:\/\/blumdecor.eu\/index.php\/wp-json\/wp\/v2\/pages"}],"about":[{"href":"https:\/\/blumdecor.eu\/index.php\/wp-json\/wp\/v2\/types\/page"}],"author":[{"embeddable":true,"href":"https:\/\/blumdecor.eu\/index.php\/wp-json\/wp\/v2\/users\/2"}],"replies":[{"embeddable":true,"href":"https:\/\/blumdecor.eu\/index.php\/wp-json\/wp\/v2\/comments?post=8955"}],"version-history":[{"count":16,"href":"https:\/\/blumdecor.eu\/index.php\/wp-json\/wp\/v2\/pages\/8955\/revisions"}],"predecessor-version":[{"id":9198,"href":"https:\/\/blumdecor.eu\/index.php\/wp-json\/wp\/v2\/pages\/8955\/revisions\/9198"}],"wp:attachment":[{"href":"https:\/\/blumdecor.eu\/index.php\/wp-json\/wp\/v2\/media?parent=8955"}],"curies":[{"name":"wp","href":"https:\/\/api.w.org\/{rel}","templated":true}]}}