{"id":8970,"date":"2024-05-21T17:22:32","date_gmt":"2024-05-21T14:22:32","guid":{"rendered":"https:\/\/blumdecor.eu\/?page_id=8970"},"modified":"2024-09-18T17:09:44","modified_gmt":"2024-09-18T14:09:44","slug":"floristika","status":"publish","type":"page","link":"https:\/\/blumdecor.eu\/index.php\/floristika\/","title":{"rendered":"Floristika"},"content":{"rendered":"\t\t<div data-elementor-type=\"wp-page\" data-elementor-id=\"8970\" class=\"elementor elementor-8970\">\n\t\t\t\t\t\t<section class=\"wd-negative-gap elementor-section elementor-top-section elementor-element elementor-element-16a2133f elementor-section-content-middle elementor-section-boxed elementor-section-height-default elementor-section-height-default\" data-id=\"16a2133f\" data-element_type=\"section\">\n\t\t\t\t\t\t<div class=\"elementor-container elementor-column-gap-default\">\n\t\t\t\t\t<div class=\"elementor-column elementor-col-50 elementor-top-column elementor-element elementor-element-159f051c\" data-id=\"159f051c\" data-element_type=\"column\">\n\t\t\t<div class=\"elementor-widget-wrap elementor-element-populated\">\n\t\t\t\t\t\t<section class=\"wd-negative-gap elementor-section elementor-inner-section elementor-element elementor-element-2091c7c7 elementor-section-boxed elementor-section-height-default elementor-section-height-default\" data-id=\"2091c7c7\" data-element_type=\"section\">\n\t\t\t\t\t\t<div class=\"elementor-container elementor-column-gap-extended\">\n\t\t\t\t\t<div class=\"elementor-column elementor-col-50 elementor-inner-column elementor-element elementor-element-2edf58d8\" data-id=\"2edf58d8\" data-element_type=\"column\">\n\t\t\t<div class=\"elementor-widget-wrap elementor-element-populated\">\n\t\t\t\t\t\t<div class=\"elementor-element elementor-element-7ecc1bd7 elementor-widget elementor-widget-wd_image_or_svg\" data-id=\"7ecc1bd7\" data-element_type=\"widget\" data-widget_type=\"wd_image_or_svg.default\">\n\t\t\t\t<div class=\"elementor-widget-container\">\n\t\t\t\t\t\n\t\t<div class=\"wd-image text-left\">\n\t\t\t\t\t\t\t\t<img fetchpriority=\"high\" decoding=\"async\" width=\"300\" height=\"500\" src=\"https:\/\/blumdecor.eu\/wp-content\/uploads\/2021\/09\/343726950_222013020442410_2663005893788362073_n-300x500.jpg\" class=\"attachment-300x500 size-300x500\" alt=\"\" \/>\t\t\t\t\t<\/div>\n\n\t\t\t\t\t\t<\/div>\n\t\t\t\t<\/div>\n\t\t\t\t\t<\/div>\n\t\t<\/div>\n\t\t\t\t<div class=\"elementor-column elementor-col-50 elementor-top-column elementor-element elementor-element-676d9856\" data-id=\"676d9856\" data-element_type=\"column\">\n\t\t\t<div class=\"elementor-widget-wrap elementor-element-populated\">\n\t\t\t\t\t\t<div class=\"elementor-element elementor-element-1bd95dfc elementor-widget elementor-widget-wd_image_or_svg\" data-id=\"1bd95dfc\" data-element_type=\"widget\" data-widget_type=\"wd_image_or_svg.default\">\n\t\t\t\t<div class=\"elementor-widget-container\">\n\t\t\t\t\t\n\t\t<div class=\"wd-image text-left\">\n\t\t\t\t\t\t\t\t<img decoding=\"async\" width=\"300\" height=\"500\" src=\"https:\/\/blumdecor.eu\/wp-content\/uploads\/2021\/09\/377935520_267938472834242_5573561952898718799_n-300x500.jpg\" class=\"attachment-300x500 size-300x500\" alt=\"\" \/>\t\t\t\t\t<\/div>\n\n\t\t\t\t\t\t<\/div>\n\t\t\t\t<\/div>\n\t\t\t\t\t<\/div>\n\t\t<\/div>\n\t\t\t\t\t<\/div>\n\t\t<\/section>\n\t\t\t\t\t<\/div>\n\t\t<\/div>\n\t\t\t\t<div class=\"elementor-column elementor-col-50 elementor-top-column elementor-element elementor-element-9a85c86\" data-id=\"9a85c86\" data-element_type=\"column\">\n\t\t\t<div class=\"elementor-widget-wrap elementor-element-populated\">\n\t\t\t\t\t\t<div class=\"elementor-element elementor-element-2ade5738 elementor-widget elementor-widget-wd_text_block\" data-id=\"2ade5738\" data-element_type=\"widget\" data-widget_type=\"wd_text_block.default\">\n\t\t\t\t<div class=\"elementor-widget-container\">\n\t\t\t\t\t\t\t<div class=\"wd-text-block reset-last-child text-center color-primary color-scheme-custom\">\n\t\t\t\n\t\t\t<p><span style=\"font-size: 30px; color: var(--wd-primary-color); text-align: var(--text-align);\">G\u0117l\u0117s j\u016bs\u0173 \u0161vent\u0117ms!<\/span><span style=\"font-size: 30px; color: var(--wd-primary-color); text-align: var(--text-align);\"><\/span><\/p>\n\t\t\t\t\t<\/div>\n\t\t\t\t\t\t<\/div>\n\t\t\t\t<\/div>\n\t\t\t\t<div class=\"elementor-element elementor-element-7c8d2924 wd-width-100 elementor-widget elementor-widget-wd_title\" data-id=\"7c8d2924\" data-element_type=\"widget\" data-widget_type=\"wd_title.default\">\n\t\t\t\t<div class=\"elementor-widget-container\">\n\t\t\t\t\t\t\t<div class=\"title-wrapper wd-set-mb reset-last-child wd-title-color-default wd-title-style-default wd-title-size-default text-center\">\n\n\t\t\t\n\t\t\t<div class=\"liner-continer\">\n\t\t\t\t<h4 class=\"woodmart-title-container title wd-fontsize-l\"><\/h4> \n\t\t\t\t\t\t\t<\/div>\n\n\t\t\t\t\t\t\t<div class=\"title-after_title reset-last-child wd-fontsize-xs\">\n\t\t\t\t\t<p>Jeigu viskuo kitu j\u016bs\u0173 \u0161vent\u0117je pasir\u016bpinta ir tr\u016bksta tik \u017eied\u0173, galime pasir\u016bpinti \u0161ventine floristika!<\/p><p>Kuriame vestuvines kompozicijas, puo\u0161tes ant stal\u0173 nuotakos puok\u0161tes, puo\u0161tes kitoms progoms, sezonines kompozicijas, vainikus ir kt. Galime pasi\u016blyti pristatym\u0105.<br>Galime puo\u0161ti j\u016bs\u0173 \u0161vent\u0119 g\u0117l\u0117mis nuo keli\u0173 \u017eied\u0173 iki \u012fsp\u016bding\u0173 kompozicij\u0173!<\/p>\t\t\t\t<\/div>\n\t\t\t\t\t<\/div>\n\t\t\t\t\t\t<\/div>\n\t\t\t\t<\/div>\n\t\t\t\t\t<\/div>\n\t\t<\/div>\n\t\t\t\t\t<\/div>\n\t\t<\/section>\n\t\t\t\t<\/div>\n\t\t","protected":false},"excerpt":{"rendered":"<p>G\u0117l\u0117s j\u016bs\u0173 \u0161vent\u0117ms! Jeigu viskuo kitu j\u016bs\u0173 \u0161vent\u0117je pasir\u016bpinta ir tr\u016bksta tik \u017eied\u0173, galime pasir\u016bpinti \u0161ventine floristika! Kuriame vestuvines kompozicijas,<\/p>\n","protected":false},"author":2,"featured_media":0,"parent":0,"menu_order":0,"comment_status":"closed","ping_status":"closed","template":"","meta":{"footnotes":""},"class_list":["post-8970","page","type-page","status-publish","hentry"],"yoast_head":"<!-- This site is optimized with the Yoast SEO plugin v24.8.1 - https:\/\/yoast.com\/wordpress\/plugins\/seo\/ -->\n<title>Floristika - Bl\u016bm<\/title>\n<meta name=\"robots\" content=\"index, follow, max-snippet:-1, max-image-preview:large, max-video-preview:-1\" \/>\n<link rel=\"canonical\" href=\"https:\/\/blumdecor.eu\/index.php\/floristika\/\" \/>\n<meta property=\"og:locale\" content=\"lt_LT\" \/>\n<meta property=\"og:type\" content=\"article\" \/>\n<meta property=\"og:title\" content=\"Floristika - Bl\u016bm\" \/>\n<meta property=\"og:description\" content=\"G\u0117l\u0117s j\u016bs\u0173 \u0161vent\u0117ms! Jeigu viskuo kitu j\u016bs\u0173 \u0161vent\u0117je pasir\u016bpinta ir tr\u016bksta tik \u017eied\u0173, galime pasir\u016bpinti \u0161ventine floristika! Kuriame vestuvines kompozicijas,\" \/>\n<meta property=\"og:url\" content=\"https:\/\/blumdecor.eu\/index.php\/floristika\/\" \/>\n<meta property=\"og:site_name\" content=\"Bl\u016bm\" \/>\n<meta property=\"article:publisher\" content=\"https:\/\/www.facebook.com\/blumdekoras\" \/>\n<meta property=\"article:modified_time\" content=\"2024-09-18T14:09:44+00:00\" \/>\n<meta property=\"og:image\" content=\"https:\/\/blumdecor.eu\/wp-content\/uploads\/2021\/09\/343726950_222013020442410_2663005893788362073_n-300x500.jpg\" \/>\n<meta name=\"twitter:card\" content=\"summary_large_image\" \/>\n<meta name=\"twitter:label1\" content=\"Est. reading time\" \/>\n\t<meta name=\"twitter:data1\" content=\"1 minut\u0117\" \/>\n<script type=\"application\/ld+json\" class=\"yoast-schema-graph\">{\"@context\":\"https:\/\/schema.org\",\"@graph\":[{\"@type\":\"WebPage\",\"@id\":\"https:\/\/blumdecor.eu\/index.php\/floristika\/\",\"url\":\"https:\/\/blumdecor.eu\/index.php\/floristika\/\",\"name\":\"Floristika - Bl\u016bm\",\"isPartOf\":{\"@id\":\"https:\/\/blumdecor.eu\/#website\"},\"primaryImageOfPage\":{\"@id\":\"https:\/\/blumdecor.eu\/index.php\/floristika\/#primaryimage\"},\"image\":{\"@id\":\"https:\/\/blumdecor.eu\/index.php\/floristika\/#primaryimage\"},\"thumbnailUrl\":\"https:\/\/blumdecor.eu\/wp-content\/uploads\/2021\/09\/343726950_222013020442410_2663005893788362073_n-300x500.jpg\",\"datePublished\":\"2024-05-21T14:22:32+00:00\",\"dateModified\":\"2024-09-18T14:09:44+00:00\",\"breadcrumb\":{\"@id\":\"https:\/\/blumdecor.eu\/index.php\/floristika\/#breadcrumb\"},\"inLanguage\":\"lt-LT\",\"potentialAction\":[{\"@type\":\"ReadAction\",\"target\":[\"https:\/\/blumdecor.eu\/index.php\/floristika\/\"]}]},{\"@type\":\"ImageObject\",\"inLanguage\":\"lt-LT\",\"@id\":\"https:\/\/blumdecor.eu\/index.php\/floristika\/#primaryimage\",\"url\":\"https:\/\/blumdecor.eu\/wp-content\/uploads\/2021\/09\/343726950_222013020442410_2663005893788362073_n.jpg\",\"contentUrl\":\"https:\/\/blumdecor.eu\/wp-content\/uploads\/2021\/09\/343726950_222013020442410_2663005893788362073_n.jpg\",\"width\":1440,\"height\":1440},{\"@type\":\"BreadcrumbList\",\"@id\":\"https:\/\/blumdecor.eu\/index.php\/floristika\/#breadcrumb\",\"itemListElement\":[{\"@type\":\"ListItem\",\"position\":1,\"name\":\"Pagrindinis\",\"item\":\"https:\/\/blumdecor.eu\/\"},{\"@type\":\"ListItem\",\"position\":2,\"name\":\"Floristika\"}]},{\"@type\":\"WebSite\",\"@id\":\"https:\/\/blumdecor.eu\/#website\",\"url\":\"https:\/\/blumdecor.eu\/\",\"name\":\"Bl\u016bm\",\"description\":\"\",\"publisher\":{\"@id\":\"https:\/\/blumdecor.eu\/#organization\"},\"potentialAction\":[{\"@type\":\"SearchAction\",\"target\":{\"@type\":\"EntryPoint\",\"urlTemplate\":\"https:\/\/blumdecor.eu\/?s={search_term_string}\"},\"query-input\":{\"@type\":\"PropertyValueSpecification\",\"valueRequired\":true,\"valueName\":\"search_term_string\"}}],\"inLanguage\":\"lt-LT\"},{\"@type\":\"Organization\",\"@id\":\"https:\/\/blumdecor.eu\/#organization\",\"name\":\"Bl\u016bm\",\"url\":\"https:\/\/blumdecor.eu\/\",\"logo\":{\"@type\":\"ImageObject\",\"inLanguage\":\"lt-LT\",\"@id\":\"https:\/\/blumdecor.eu\/#\/schema\/logo\/image\/\",\"url\":\"https:\/\/blumdecor.eu\/wp-content\/uploads\/2023\/02\/Untitled-16.jpeg\",\"contentUrl\":\"https:\/\/blumdecor.eu\/wp-content\/uploads\/2023\/02\/Untitled-16.jpeg\",\"width\":700,\"height\":400,\"caption\":\"Bl\u016bm\"},\"image\":{\"@id\":\"https:\/\/blumdecor.eu\/#\/schema\/logo\/image\/\"},\"sameAs\":[\"https:\/\/www.facebook.com\/blumdekoras\",\"https:\/\/www.instagram.com\/blumdekoras\/\"]}]}<\/script>\n<!-- \/ Yoast SEO plugin. -->","yoast_head_json":{"title":"Floristika - Bl\u016bm","robots":{"index":"index","follow":"follow","max-snippet":"max-snippet:-1","max-image-preview":"max-image-preview:large","max-video-preview":"max-video-preview:-1"},"canonical":"https:\/\/blumdecor.eu\/index.php\/floristika\/","og_locale":"lt_LT","og_type":"article","og_title":"Floristika - Bl\u016bm","og_description":"G\u0117l\u0117s j\u016bs\u0173 \u0161vent\u0117ms! Jeigu viskuo kitu j\u016bs\u0173 \u0161vent\u0117je pasir\u016bpinta ir tr\u016bksta tik \u017eied\u0173, galime pasir\u016bpinti \u0161ventine floristika! Kuriame vestuvines kompozicijas,","og_url":"https:\/\/blumdecor.eu\/index.php\/floristika\/","og_site_name":"Bl\u016bm","article_publisher":"https:\/\/www.facebook.com\/blumdekoras","article_modified_time":"2024-09-18T14:09:44+00:00","og_image":[{"url":"https:\/\/blumdecor.eu\/wp-content\/uploads\/2021\/09\/343726950_222013020442410_2663005893788362073_n-300x500.jpg","type":"","width":"","height":""}],"twitter_card":"summary_large_image","twitter_misc":{"Est. reading time":"1 minut\u0117"},"schema":{"@context":"https:\/\/schema.org","@graph":[{"@type":"WebPage","@id":"https:\/\/blumdecor.eu\/index.php\/floristika\/","url":"https:\/\/blumdecor.eu\/index.php\/floristika\/","name":"Floristika - Bl\u016bm","isPartOf":{"@id":"https:\/\/blumdecor.eu\/#website"},"primaryImageOfPage":{"@id":"https:\/\/blumdecor.eu\/index.php\/floristika\/#primaryimage"},"image":{"@id":"https:\/\/blumdecor.eu\/index.php\/floristika\/#primaryimage"},"thumbnailUrl":"https:\/\/blumdecor.eu\/wp-content\/uploads\/2021\/09\/343726950_222013020442410_2663005893788362073_n-300x500.jpg","datePublished":"2024-05-21T14:22:32+00:00","dateModified":"2024-09-18T14:09:44+00:00","breadcrumb":{"@id":"https:\/\/blumdecor.eu\/index.php\/floristika\/#breadcrumb"},"inLanguage":"lt-LT","potentialAction":[{"@type":"ReadAction","target":["https:\/\/blumdecor.eu\/index.php\/floristika\/"]}]},{"@type":"ImageObject","inLanguage":"lt-LT","@id":"https:\/\/blumdecor.eu\/index.php\/floristika\/#primaryimage","url":"https:\/\/blumdecor.eu\/wp-content\/uploads\/2021\/09\/343726950_222013020442410_2663005893788362073_n.jpg","contentUrl":"https:\/\/blumdecor.eu\/wp-content\/uploads\/2021\/09\/343726950_222013020442410_2663005893788362073_n.jpg","width":1440,"height":1440},{"@type":"BreadcrumbList","@id":"https:\/\/blumdecor.eu\/index.php\/floristika\/#breadcrumb","itemListElement":[{"@type":"ListItem","position":1,"name":"Pagrindinis","item":"https:\/\/blumdecor.eu\/"},{"@type":"ListItem","position":2,"name":"Floristika"}]},{"@type":"WebSite","@id":"https:\/\/blumdecor.eu\/#website","url":"https:\/\/blumdecor.eu\/","name":"Bl\u016bm","description":"","publisher":{"@id":"https:\/\/blumdecor.eu\/#organization"},"potentialAction":[{"@type":"SearchAction","target":{"@type":"EntryPoint","urlTemplate":"https:\/\/blumdecor.eu\/?s={search_term_string}"},"query-input":{"@type":"PropertyValueSpecification","valueRequired":true,"valueName":"search_term_string"}}],"inLanguage":"lt-LT"},{"@type":"Organization","@id":"https:\/\/blumdecor.eu\/#organization","name":"Bl\u016bm","url":"https:\/\/blumdecor.eu\/","logo":{"@type":"ImageObject","inLanguage":"lt-LT","@id":"https:\/\/blumdecor.eu\/#\/schema\/logo\/image\/","url":"https:\/\/blumdecor.eu\/wp-content\/uploads\/2023\/02\/Untitled-16.jpeg","contentUrl":"https:\/\/blumdecor.eu\/wp-content\/uploads\/2023\/02\/Untitled-16.jpeg","width":700,"height":400,"caption":"Bl\u016bm"},"image":{"@id":"https:\/\/blumdecor.eu\/#\/schema\/logo\/image\/"},"sameAs":["https:\/\/www.facebook.com\/blumdekoras","https:\/\/www.instagram.com\/blumdekoras\/"]}]}},"_links":{"self":[{"href":"https:\/\/blumdecor.eu\/index.php\/wp-json\/wp\/v2\/pages\/8970","targetHints":{"allow":["GET"]}}],"collection":[{"href":"https:\/\/blumdecor.eu\/index.php\/wp-json\/wp\/v2\/pages"}],"about":[{"href":"https:\/\/blumdecor.eu\/index.php\/wp-json\/wp\/v2\/types\/page"}],"author":[{"embeddable":true,"href":"https:\/\/blumdecor.eu\/index.php\/wp-json\/wp\/v2\/users\/2"}],"replies":[{"embeddable":true,"href":"https:\/\/blumdecor.eu\/index.php\/wp-json\/wp\/v2\/comments?post=8970"}],"version-history":[{"count":16,"href":"https:\/\/blumdecor.eu\/index.php\/wp-json\/wp\/v2\/pages\/8970\/revisions"}],"predecessor-version":[{"id":9192,"href":"https:\/\/blumdecor.eu\/index.php\/wp-json\/wp\/v2\/pages\/8970\/revisions\/9192"}],"wp:attachment":[{"href":"https:\/\/blumdecor.eu\/index.php\/wp-json\/wp\/v2\/media?parent=8970"}],"curies":[{"name":"wp","href":"https:\/\/api.w.org\/{rel}","templated":true}]}}