{"id":9117,"date":"2024-06-23T12:49:17","date_gmt":"2024-06-23T09:49:17","guid":{"rendered":"https:\/\/blumdecor.eu\/?page_id=9117"},"modified":"2024-06-23T12:49:39","modified_gmt":"2024-06-23T09:49:39","slug":"slapuku-politika","status":"publish","type":"page","link":"https:\/\/blumdecor.eu\/index.php\/slapuku-politika\/","title":{"rendered":"Slapuk\u0173 politika"},"content":{"rendered":"<p>\u201eBl\u016bm\u201c slapuk\u0173 politika<br><\/p><p><strong>Kas yra slapukai<\/strong><\/p><p>Kaip \u012fprasta beveik visose profesionaliose svetain\u0117se, \u0161i svetain\u0117 naudoja slapukus, kurie yra ma\u017ei failai, atsisiun\u010diami \u012f j\u016bs\u0173 kompiuter\u012f, kad pagerint\u0173 j\u016bs\u0173 patirt\u012f. \u0160iame puslapyje apra\u0161oma, koki\u0105 informacij\u0105 jie renka, kaip j\u0105 naudojame ir kod\u0117l kartais reikia saugoti \u0161iuos slapukus. Taip pat pasidalinsime, kaip galite u\u017ekirsti keli\u0105 \u0161i\u0173 slapuk\u0173 saugojimui, ta\u010diau tai gali suma\u017einti arba \u201esugadinti\u201c tam tikrus svetain\u0117s funkcionalumo elementus.<\/p><p><strong>Kaip naudojame slapukus<\/strong><\/p><p>Slapukus naudojame d\u0117l \u012fvairi\u0173 toliau apra\u0161yt\u0173 prie\u017eas\u010di\u0173. Deja, daugeliu atvej\u0173 n\u0117ra standartini\u0173 parink\u010di\u0173, leid\u017eian\u010di\u0173 i\u0161jungti slapukus, visi\u0161kai nei\u0161jungus funkcij\u0173 ir funkcij\u0173, kurias jie prideda prie \u0161ios svetain\u0117s. Rekomenduojama palikti visus slapukus, jei nesate tikri, ar jums j\u0173 reikia, ar ne, jei jie naudojami teikiant paslaug\u0105, kuri\u0105 naudojate.<\/p><p><strong>Slapuk\u0173 i\u0161jungimas<\/strong><\/p><p>Galite u\u017ekirsti keli\u0105 slapuk\u0173 nustatymui koreguodami savo nar\u0161ykl\u0117s nustatymus (kaip tai padaryti, \u017er. nar\u0161ykl\u0117s \u017einyne). Atminkite, kad slapuk\u0173 i\u0161jungimas tur\u0117s \u012ftakos \u0161ios ir daugelio kit\u0173 lankom\u0173 svetaini\u0173 funkcionalumui. I\u0161jungus slapukus paprastai taip pat bus i\u0161jungtos tam tikros \u0161ios svetain\u0117s funkcijos ir funkcijos. Tod\u0117l slapuk\u0173 nerekomenduojama i\u0161jungti. \u0160i slapuk\u0173 politika buvo sukurta slapuk\u0173 politikos generatoriaus pagalba.<\/p><p><strong>M\u016bs\u0173 nustatomi slapukai<\/strong><\/p><p>-U\u017esakymai apdoroti susijusius slapukus<\/p><p>\u0160i svetain\u0117 si\u016blo elektronin\u0117s prekybos arba mok\u0117jimo priemones, o kai kurie slapukai yra b\u016btini, kad j\u016bs\u0173 u\u017esakymas b\u016bt\u0173 \u012fsimenamas tarp puslapi\u0173, kad gal\u0117tume tinkamai j\u012f apdoroti.<\/p><p>-Su formomis susij\u0119 slapukai<\/p><p>Kai pateikiate duomenis naudodami form\u0105, pvz., esan\u010dias kontakt\u0173 puslapiuose arba komentar\u0173 formose, gali b\u016bti nustatyti slapukai, kad prisimint\u0173 j\u016bs\u0173 vartotojo informacij\u0105 b\u016bsimam susira\u0161in\u0117jimui.<\/p><p>-Svetain\u0117s nuostat\u0173 slapukai<\/p><p>Siekdami suteikti jums puiki\u0105 patirt\u012f \u0161ioje svetain\u0117je, si\u016blome funkcij\u0105, leid\u017eian\u010di\u0105 nustatyti j\u016bs\u0173 nuostatas, kaip \u0161i svetain\u0117 veikt\u0173, kai j\u0105 naudojate. Kad prisimintume j\u016bs\u0173 nuostatas, turime nustatyti slapukus, kad \u0161i informacija b\u016bt\u0173 i\u0161kviesta kiekvien\u0105 kart\u0105, kai s\u0105veikaujate su j\u016bs\u0173 pasirinkim\u0173 paveiktu puslapiu.<\/p><p><strong>Tre\u010di\u0173j\u0173 \u0161ali\u0173 slapukai<\/strong><\/p><p>Kai kuriais ypatingais atvejais taip pat naudojame patikim\u0173 tre\u010di\u0173j\u0173 \u0161ali\u0173 pateiktus slapukus. Toliau pateiktame skyriuje apra\u0161oma, su kokiais tre\u010di\u0173j\u0173 \u0161ali\u0173 slapukais galite susidurti \u0161ioje svetain\u0117je.<\/p><p>-\u0160ioje svetain\u0117je naudojama Google Analytics, kuri yra vienas pla\u010diausiai paplitusi\u0173 ir patikimiausi\u0173 analiz\u0117s sprendim\u0173 \u017einiatinklyje, padedantis mums suprasti, kaip naudojat\u0117s svetaine ir kaip galime pagerinti j\u016bs\u0173 patirt\u012f. \u0160ie slapukai gali sekti tokius dalykus kaip, kiek laiko praleid\u017eiate svetain\u0117je ir puslapius, kuriuose lankot\u0117s, kad gal\u0117tume toliau kurti patraukl\u0173 turin\u012f.<\/p><p>Daugiau informacijos apie Google Analytics slapukus rasite oficialiame Google Analytics puslapyje.<\/p><p>-Kartkart\u0117mis i\u0161bandome naujas funkcijas ir subtiliai kei\u010diame svetain\u0117s pateikimo b\u016bd\u0105. Kai vis dar testuojame naujas funkcijas, \u0161ie slapukai gali b\u016bti naudojami siekiant u\u017etikrinti, kad b\u016bdami svetain\u0117je gautum\u0117te nuolatin\u0119 patirt\u012f, kartu u\u017etikrinant, kad suprastume, kuriuos optimizavimus m\u016bs\u0173 vartotojai vertina labiausiai.<\/p><p>-Kai parduodame produktus, mums svarbu suprasti statistik\u0105 apie tai, kiek m\u016bs\u0173 svetain\u0117s lankytoj\u0173 i\u0161 tikr\u0173j\u0173 perka, tod\u0117l \u0161ie slapukai stebi tokius duomenis. Tai jums svarbu, nes tai rei\u0161kia, kad galime tiksliai numatyti verslo prognozes, kurios leist\u0173 mums steb\u0117ti reklamos ir produkt\u0173 s\u0105naudas ir u\u017etikrinti geriausi\u0105 \u012fmanom\u0105 kain\u0105.<\/p><p>-\u0160ioje svetain\u0117je taip pat naudojame socialin\u0117s \u017einiasklaidos mygtukus ir (arba) papildinius, kurie leid\u017eia \u012fvairiais b\u016bdais prisijungti prie savo socialinio tinklo. Kad jie veikt\u0173 \u0161iose socialin\u0117s \u017einiasklaidos svetain\u0117se, \u012fskaitant: {List the social networks which features you haveintegrated with your site?:12}, m\u016bs\u0173 svetain\u0117je nustatys slapukus, kurie gali b\u016bti naudojami siekiant pagerinti j\u016bs\u0173 profil\u012f j\u0173 svetain\u0117je arba prisid\u0117ti prie duomen\u0173, kuriuos jie turi \u012fvairiais tikslais, nurodytais atitinkamame privatumo dokumente. politika.<\/p><p><strong>Daugiau informacijos<\/strong><\/p><p>Tikim\u0117s, kad tai paai\u0161kino jums dalykus ir, kaip buvo min\u0117ta anks\u010diau, jei nesate tikri, ar jums reikia, ar ne, paprastai saugiau palikti slapukus \u012fjungtus, jei jie s\u0105veikauja su viena i\u0161 m\u016bs\u0173 svetain\u0117je naudojam\u0173 funkcij\u0173.<\/p><p>Daugiau bendros informacijos apie slapukus rasite straipsnyje Slapuk\u0173 politika.<\/p><p>Ta\u010diau jei vis dar ie\u0161kote daugiau informacijos, galite susisiekti su mumis vienu i\u0161 m\u016bs\u0173 pageidaujam\u0173 susisiekimo b\u016bd\u0173:<\/p><p>pa\u0161tas: jakstaite.kotryna@gmail.com<\/p>","protected":false},"excerpt":{"rendered":"<p>\u201eBl\u016bm\u201c slapuk\u0173 politika Kas yra slapukai Kaip \u012fprasta beveik visose profesionaliose svetain\u0117se, \u0161i svetain\u0117 naudoja slapukus, kurie yra ma\u017ei failai,<\/p>\n","protected":false},"author":2,"featured_media":0,"parent":0,"menu_order":0,"comment_status":"closed","ping_status":"closed","template":"","meta":{"footnotes":""},"class_list":["post-9117","page","type-page","status-publish","hentry"],"yoast_head":"<!-- This site is optimized with the Yoast SEO plugin v24.8.1 - https:\/\/yoast.com\/wordpress\/plugins\/seo\/ -->\n<title>Slapuk\u0173 politika - Bl\u016bm<\/title>\n<meta name=\"robots\" content=\"index, follow, max-snippet:-1, max-image-preview:large, max-video-preview:-1\" \/>\n<link rel=\"canonical\" href=\"https:\/\/blumdecor.eu\/index.php\/slapuku-politika\/\" \/>\n<meta property=\"og:locale\" content=\"lt_LT\" \/>\n<meta property=\"og:type\" content=\"article\" \/>\n<meta property=\"og:title\" content=\"Slapuk\u0173 politika - Bl\u016bm\" \/>\n<meta property=\"og:description\" content=\"\u201eBl\u016bm\u201c slapuk\u0173 politika Kas yra slapukai Kaip \u012fprasta beveik visose profesionaliose svetain\u0117se, \u0161i svetain\u0117 naudoja slapukus, kurie yra ma\u017ei failai,\" \/>\n<meta property=\"og:url\" content=\"https:\/\/blumdecor.eu\/index.php\/slapuku-politika\/\" \/>\n<meta property=\"og:site_name\" content=\"Bl\u016bm\" \/>\n<meta property=\"article:publisher\" content=\"https:\/\/www.facebook.com\/blumdekoras\" \/>\n<meta property=\"article:modified_time\" content=\"2024-06-23T09:49:39+00:00\" \/>\n<meta property=\"og:image\" content=\"https:\/\/blumdecor.eu\/wp-content\/uploads\/2023\/02\/Untitled-16.jpeg\" \/>\n\t<meta property=\"og:image:width\" content=\"700\" \/>\n\t<meta property=\"og:image:height\" content=\"400\" \/>\n\t<meta property=\"og:image:type\" content=\"image\/jpeg\" \/>\n<meta name=\"twitter:card\" content=\"summary_large_image\" \/>\n<meta name=\"twitter:label1\" content=\"Est. reading time\" \/>\n\t<meta name=\"twitter:data1\" content=\"4 minut\u0117s\" \/>\n<script type=\"application\/ld+json\" class=\"yoast-schema-graph\">{\"@context\":\"https:\/\/schema.org\",\"@graph\":[{\"@type\":\"WebPage\",\"@id\":\"https:\/\/blumdecor.eu\/index.php\/slapuku-politika\/\",\"url\":\"https:\/\/blumdecor.eu\/index.php\/slapuku-politika\/\",\"name\":\"Slapuk\u0173 politika - Bl\u016bm\",\"isPartOf\":{\"@id\":\"https:\/\/blumdecor.eu\/#website\"},\"datePublished\":\"2024-06-23T09:49:17+00:00\",\"dateModified\":\"2024-06-23T09:49:39+00:00\",\"breadcrumb\":{\"@id\":\"https:\/\/blumdecor.eu\/index.php\/slapuku-politika\/#breadcrumb\"},\"inLanguage\":\"lt-LT\",\"potentialAction\":[{\"@type\":\"ReadAction\",\"target\":[\"https:\/\/blumdecor.eu\/index.php\/slapuku-politika\/\"]}]},{\"@type\":\"BreadcrumbList\",\"@id\":\"https:\/\/blumdecor.eu\/index.php\/slapuku-politika\/#breadcrumb\",\"itemListElement\":[{\"@type\":\"ListItem\",\"position\":1,\"name\":\"Pagrindinis\",\"item\":\"https:\/\/blumdecor.eu\/\"},{\"@type\":\"ListItem\",\"position\":2,\"name\":\"Slapuk\u0173 politika\"}]},{\"@type\":\"WebSite\",\"@id\":\"https:\/\/blumdecor.eu\/#website\",\"url\":\"https:\/\/blumdecor.eu\/\",\"name\":\"Bl\u016bm\",\"description\":\"\",\"publisher\":{\"@id\":\"https:\/\/blumdecor.eu\/#organization\"},\"potentialAction\":[{\"@type\":\"SearchAction\",\"target\":{\"@type\":\"EntryPoint\",\"urlTemplate\":\"https:\/\/blumdecor.eu\/?s={search_term_string}\"},\"query-input\":{\"@type\":\"PropertyValueSpecification\",\"valueRequired\":true,\"valueName\":\"search_term_string\"}}],\"inLanguage\":\"lt-LT\"},{\"@type\":\"Organization\",\"@id\":\"https:\/\/blumdecor.eu\/#organization\",\"name\":\"Bl\u016bm\",\"url\":\"https:\/\/blumdecor.eu\/\",\"logo\":{\"@type\":\"ImageObject\",\"inLanguage\":\"lt-LT\",\"@id\":\"https:\/\/blumdecor.eu\/#\/schema\/logo\/image\/\",\"url\":\"https:\/\/blumdecor.eu\/wp-content\/uploads\/2023\/02\/Untitled-16.jpeg\",\"contentUrl\":\"https:\/\/blumdecor.eu\/wp-content\/uploads\/2023\/02\/Untitled-16.jpeg\",\"width\":700,\"height\":400,\"caption\":\"Bl\u016bm\"},\"image\":{\"@id\":\"https:\/\/blumdecor.eu\/#\/schema\/logo\/image\/\"},\"sameAs\":[\"https:\/\/www.facebook.com\/blumdekoras\",\"https:\/\/www.instagram.com\/blumdekoras\/\"]}]}<\/script>\n<!-- \/ Yoast SEO plugin. -->","yoast_head_json":{"title":"Slapuk\u0173 politika - Bl\u016bm","robots":{"index":"index","follow":"follow","max-snippet":"max-snippet:-1","max-image-preview":"max-image-preview:large","max-video-preview":"max-video-preview:-1"},"canonical":"https:\/\/blumdecor.eu\/index.php\/slapuku-politika\/","og_locale":"lt_LT","og_type":"article","og_title":"Slapuk\u0173 politika - Bl\u016bm","og_description":"\u201eBl\u016bm\u201c slapuk\u0173 politika Kas yra slapukai Kaip \u012fprasta beveik visose profesionaliose svetain\u0117se, \u0161i svetain\u0117 naudoja slapukus, kurie yra ma\u017ei failai,","og_url":"https:\/\/blumdecor.eu\/index.php\/slapuku-politika\/","og_site_name":"Bl\u016bm","article_publisher":"https:\/\/www.facebook.com\/blumdekoras","article_modified_time":"2024-06-23T09:49:39+00:00","og_image":[{"width":700,"height":400,"url":"https:\/\/blumdecor.eu\/wp-content\/uploads\/2023\/02\/Untitled-16.jpeg","type":"image\/jpeg"}],"twitter_card":"summary_large_image","twitter_misc":{"Est. reading time":"4 minut\u0117s"},"schema":{"@context":"https:\/\/schema.org","@graph":[{"@type":"WebPage","@id":"https:\/\/blumdecor.eu\/index.php\/slapuku-politika\/","url":"https:\/\/blumdecor.eu\/index.php\/slapuku-politika\/","name":"Slapuk\u0173 politika - Bl\u016bm","isPartOf":{"@id":"https:\/\/blumdecor.eu\/#website"},"datePublished":"2024-06-23T09:49:17+00:00","dateModified":"2024-06-23T09:49:39+00:00","breadcrumb":{"@id":"https:\/\/blumdecor.eu\/index.php\/slapuku-politika\/#breadcrumb"},"inLanguage":"lt-LT","potentialAction":[{"@type":"ReadAction","target":["https:\/\/blumdecor.eu\/index.php\/slapuku-politika\/"]}]},{"@type":"BreadcrumbList","@id":"https:\/\/blumdecor.eu\/index.php\/slapuku-politika\/#breadcrumb","itemListElement":[{"@type":"ListItem","position":1,"name":"Pagrindinis","item":"https:\/\/blumdecor.eu\/"},{"@type":"ListItem","position":2,"name":"Slapuk\u0173 politika"}]},{"@type":"WebSite","@id":"https:\/\/blumdecor.eu\/#website","url":"https:\/\/blumdecor.eu\/","name":"Bl\u016bm","description":"","publisher":{"@id":"https:\/\/blumdecor.eu\/#organization"},"potentialAction":[{"@type":"SearchAction","target":{"@type":"EntryPoint","urlTemplate":"https:\/\/blumdecor.eu\/?s={search_term_string}"},"query-input":{"@type":"PropertyValueSpecification","valueRequired":true,"valueName":"search_term_string"}}],"inLanguage":"lt-LT"},{"@type":"Organization","@id":"https:\/\/blumdecor.eu\/#organization","name":"Bl\u016bm","url":"https:\/\/blumdecor.eu\/","logo":{"@type":"ImageObject","inLanguage":"lt-LT","@id":"https:\/\/blumdecor.eu\/#\/schema\/logo\/image\/","url":"https:\/\/blumdecor.eu\/wp-content\/uploads\/2023\/02\/Untitled-16.jpeg","contentUrl":"https:\/\/blumdecor.eu\/wp-content\/uploads\/2023\/02\/Untitled-16.jpeg","width":700,"height":400,"caption":"Bl\u016bm"},"image":{"@id":"https:\/\/blumdecor.eu\/#\/schema\/logo\/image\/"},"sameAs":["https:\/\/www.facebook.com\/blumdekoras","https:\/\/www.instagram.com\/blumdekoras\/"]}]}},"_links":{"self":[{"href":"https:\/\/blumdecor.eu\/index.php\/wp-json\/wp\/v2\/pages\/9117","targetHints":{"allow":["GET"]}}],"collection":[{"href":"https:\/\/blumdecor.eu\/index.php\/wp-json\/wp\/v2\/pages"}],"about":[{"href":"https:\/\/blumdecor.eu\/index.php\/wp-json\/wp\/v2\/types\/page"}],"author":[{"embeddable":true,"href":"https:\/\/blumdecor.eu\/index.php\/wp-json\/wp\/v2\/users\/2"}],"replies":[{"embeddable":true,"href":"https:\/\/blumdecor.eu\/index.php\/wp-json\/wp\/v2\/comments?post=9117"}],"version-history":[{"count":2,"href":"https:\/\/blumdecor.eu\/index.php\/wp-json\/wp\/v2\/pages\/9117\/revisions"}],"predecessor-version":[{"id":9119,"href":"https:\/\/blumdecor.eu\/index.php\/wp-json\/wp\/v2\/pages\/9117\/revisions\/9119"}],"wp:attachment":[{"href":"https:\/\/blumdecor.eu\/index.php\/wp-json\/wp\/v2\/media?parent=9117"}],"curies":[{"name":"wp","href":"https:\/\/api.w.org\/{rel}","templated":true}]}}